{"id":7429,"date":"2019-05-02T18:22:31","date_gmt":"2019-05-02T22:22:31","guid":{"rendered":"https:\/\/cybersavoir4.cssdm.gouv.qc.ca\/bibliotheque\/?page_id=7429"},"modified":"2025-10-21T17:05:52","modified_gmt":"2025-10-21T21:05:52","slug":"carrefour-dapprentissage","status":"publish","type":"page","link":"https:\/\/cybersavoir4.cssdm.gouv.qc.ca\/bibliotheque\/carrefour-dapprentissage\/","title":{"rendered":"Carrefour des apprentissages"},"content":{"rendered":"\n<p class=\"is-style-text-subtitle is-style-text-subtitle--1\"><strong>Si vous \u00eates employ\u00e9 du CSSDM consultez notre <a href=\"https:\/\/csdma.sharepoint.com\/sites\/Carrefourdesapprentissages?spStartSource=spappbar\" target=\"_blank\" rel=\"noreferrer noopener\">SharePoint Carrefour des apprentissages <\/a><\/strong><a href=\"https:\/\/csdma.sharepoint.com\/sites\/Carrefourdesapprentissages?spStartSource=spappbar\" target=\"_blank\" rel=\"noreferrer noopener\">!<\/a> <\/p>\n\n\n\n<p class=\"has-large-font-size\">Cela vous donnera acc\u00e8s aux outils pour mettre en place un CA dans votre \u00e9cole.<\/p>\n\n\n\n<div class=\"wp-block-columns is-layout-flex wp-container-core-columns-is-layout-1 wp-block-columns-is-layout-flex\">\n<div class=\"wp-block-column is-layout-flow wp-block-column-is-layout-flow\" style=\"flex-basis:100%\"><\/div>\n<\/div>\n\n\n\n<div class=\"wp-block-columns alignwide is-layout-flex wp-container-core-columns-is-layout-3 wp-block-columns-is-layout-flex\">\n<div class=\"wp-block-column is-layout-flow wp-block-column-is-layout-flow\" style=\"flex-basis:100%\">\n<div class=\"wp-block-columns is-layout-flex wp-container-core-columns-is-layout-2 wp-block-columns-is-layout-flex\">\n<div class=\"wp-block-column is-layout-flow wp-block-column-is-layout-flow\" style=\"flex-basis:100%\">\n<p class=\"has-large-font-size\"><strong>C&rsquo;est quoi un carrefour des apprentissages<\/strong><\/p>\n\n\n\n<p class=\"has-large-font-size\">C&rsquo;est un espace et un dispositif de soutien \u00e0 l&rsquo;enseignement et \u00e0 l&rsquo;apprentissage !<\/p>\n\n\n\n<ul class=\"wp-block-list has-large-font-size\">\n<li>Combine \u00e0 la fois des \u00e9l\u00e9ments traditionnels et innovants.<\/li>\n\n\n\n<li>Offre un environnement flexible, collaboratif et inclusif.<\/li>\n\n\n\n<li>Au c\u0153ur de la communaut\u00e9 apprenante.<\/li>\n\n\n\n<li>Favorise la d\u00e9couverte, l\u2019\u00e9change et la cr\u00e9ativit\u00e9.<\/li>\n\n\n\n<li>Contribue \u00e0 la r\u00e9ussite des \u00e9l\u00e8ves gr\u00e2ce \u00e0 la rencontre d&rsquo;expertises et \u00e0 l&rsquo;accessibilit\u00e9 de ressources imprim\u00e9es, num\u00e9riques et technologiques.<\/li>\n\n\n\n<li>Permet de d\u00e9velopper des comp\u00e9tences sp\u00e9cifiques :\n<ul class=\"wp-block-list\">\n<li>Lecture, num\u00e9riques, sociales.<\/li>\n\n\n\n<li>Culture informationnelle.<\/li>\n\n\n\n<li>Culturelles : d\u00e9couverte, promotion et appr\u00e9ciation d\u2019\u00e9l\u00e9ments de culture<\/li>\n<\/ul>\n<\/li>\n<\/ul>\n\n\n\n<p class=\"has-large-font-size\"><strong>Le\u00a0<\/strong><a href=\"https:\/\/cdn-contenu.quebec.ca\/cdn-contenu\/education\/Bibliotheques-scolaires\/Cadre_de_reference_de_la_bibliotheque_scolaire_au_carrefour_des_apprentissages.pdf\" target=\"_blank\" rel=\"noreferrer noopener\">Cadre de r\u00e9f\u00e9rence pour la biblioth\u00e8que au carrefour des apprentissages\u00a0<\/a><strong>\u00a0soutient et encadre les organisations scolaires et propose au r\u00e9seau une vision commune de d\u00e9ploiement.<\/strong><\/p>\n\n\n\n<p><strong>Visitez notre galerie de photos sur<a href=\"https:\/\/www.flickr.com\/photos\/196589725@N03\/\" target=\"_blank\" rel=\"noreferrer noopener\"> Flickr!<\/a><\/strong><\/p>\n<\/div>\n<\/div>\n<\/div>\n<\/div>\n\n\n\n<h3 class=\"wp-block-heading alignwide has-link-color has-medium-font-size wp-elements-9456781fd590e98deccf7097be4c5b5a\"><\/h3>\n\n\n\n<figure class=\"wp-block-image alignleft is-resized\"><a href=\"https:\/\/www.flickr.com\/photos\/196589725@N03\/\" target=\"_blank\" rel=\"noopener\"><img decoding=\"async\" src=\"https:\/\/logos-world.net\/wp-content\/uploads\/2021\/03\/Flickr-Logo.png\" alt=\"Flickr Logo, symbol, meaning, history, PNG\" style=\"object-fit:cover;width:131px;height:74px\" \/><\/a><\/figure>\n\n\n\n<div style=\"height:20px\" aria-hidden=\"true\" class=\"wp-block-spacer\"><\/div>\n\n\n\n<div class=\"wp-block-group alignwide has-global-padding is-layout-constrained wp-block-group-is-layout-constrained\">\n<div class=\"wp-block-columns alignwide is-layout-flex wp-container-core-columns-is-layout-4 wp-block-columns-is-layout-flex\">\n<div class=\"wp-block-column is-layout-flow wp-block-column-is-layout-flow\" style=\"flex-basis:100%\">\n<p class=\"has-large-font-size\"><b>Le carrefour d&rsquo;apprentissage est avant tout un espace&nbsp;p\u00e9dagogique et \u00e9ducatif&nbsp;<\/b><\/p>\n<\/div>\n<\/div>\n<\/div>\n\n\n\n<div class=\"wp-block-columns alignwide is-layout-flex wp-container-core-columns-is-layout-5 wp-block-columns-is-layout-flex\">\n<div class=\"wp-block-column is-layout-flow wp-block-column-is-layout-flow\" style=\"flex-basis:100%\">\n<ul class=\"wp-block-list has-large-font-size\">\n<li>Il pr\u00e9conise l&rsquo;interdisciplinarit\u00e9 et la p\u00e9dagogie active (cr\u00e9ativit\u00e9, collaboration, exploration sous forme d&rsquo;essais erreurs et r\u00e9solution de probl\u00e8mes).<\/li>\n\n\n\n<li>Il permet, \u00e0 travers les projets et les activit\u00e9s s&rsquo;y d\u00e9roulant, le d\u00e9veloppement de comp\u00e9tences et d&rsquo;habilet\u00e9s multiples.<\/li>\n\n\n\n<li>Il encourage les projets interclasses.<\/li>\n\n\n\n<li>Il est centr\u00e9 sur l\u2019\u00e9l\u00e8ve et son engagement dans son apprentissage.<\/li>\n\n\n\n<li>Il mise sur le processus r\u00e9flexif plut\u00f4t que sur le r\u00e9sultat attendu.<\/li>\n<\/ul>\n<\/div>\n<\/div>\n\n\n\n<div class=\"wp-block-columns alignwide is-layout-flex wp-container-core-columns-is-layout-6 wp-block-columns-is-layout-flex\">\n<div class=\"wp-block-column is-layout-flow wp-block-column-is-layout-flow\" style=\"flex-basis:100%\">\n<p class=\"has-large-font-size\"><strong>L&rsquo;axe culturel du carrefour d&rsquo;apprentissage comprend :&nbsp;<\/strong><\/p>\n<\/div>\n<\/div>\n\n\n\n<div class=\"wp-block-columns alignwide is-layout-flex wp-container-core-columns-is-layout-7 wp-block-columns-is-layout-flex\">\n<div class=\"wp-block-column is-layout-flow wp-block-column-is-layout-flow\" style=\"flex-basis:100%\">\n<ul class=\"wp-block-list has-large-font-size\">\n<li>l&rsquo;acc\u00e8s \u00e0 une collection de ressources riche et vari\u00e9e,<\/li>\n\n\n\n<li>le d\u00e9veloppement de l&rsquo;autonomie de l&rsquo;\u00e9l\u00e8ve en ce qui a&nbsp;trait \u00e0 la&nbsp;recherche d&rsquo;informations et \u00e0 la&nbsp;s\u00e9lection d&rsquo;ouvrages \u00e0 \u00ab\u00a0sa pointure\u00a0\u00bb,&nbsp;\u200b<\/li>\n\n\n\n<li>le d\u00e9veloppement de l&rsquo;identit\u00e9 de lecteur de l&rsquo;\u00e9l\u00e8ve,&nbsp;\u200b<\/li>\n\n\n\n<li>l&rsquo;essor de la cr\u00e9ativit\u00e9 ainsi que les habilet\u00e9s artistiques de l&rsquo;\u00e9l\u00e8ve,<\/li>\n\n\n\n<li>l&rsquo;enrichissement culturel de l&rsquo;\u00e9l\u00e8ve,<\/li>\n\n\n\n<li>l&rsquo;appr\u00e9ciation d&rsquo;\u0153uvres d&rsquo;art,<\/li>\n\n\n\n<li>les rencontres et les \u00e9changes culturels.<\/li>\n<\/ul>\n<\/div>\n<\/div>\n\n\n\n<div class=\"wp-block-columns alignwide is-layout-flex wp-container-core-columns-is-layout-8 wp-block-columns-is-layout-flex\">\n<div class=\"wp-block-column is-layout-flow wp-block-column-is-layout-flow\" style=\"flex-basis:100%\">\n<p class=\"has-large-font-size\"><strong>L&rsquo;axe technonum\u00e9rique du carrefour d&rsquo;apprentissage vise \u00e0 :&nbsp;<\/strong><\/p>\n<\/div>\n<\/div>\n\n\n\n<div class=\"wp-block-columns alignwide is-layout-flex wp-container-core-columns-is-layout-9 wp-block-columns-is-layout-flex\">\n<div class=\"wp-block-column is-layout-flow wp-block-column-is-layout-flow\" style=\"flex-basis:100%\">\n<ul class=\"wp-block-list has-large-font-size\">\n<li class=\"has-link-color wp-elements-e7dbc807c562be26a911821cc04ceee7\">D\u00e9velopper la <a href=\"http:\/\/www.education.gouv.qc.ca\/fileadmin\/site_web\/documents\/ministere\/Cadre-reference-competence-num.pdf\" target=\"_blank\" rel=\"noopener\">comp\u00e9tence num\u00e9rique des \u00e9l\u00e8ves<\/a>.<\/li>\n\n\n\n<li><span class=\"TextRun BCX0 SCXW211559272\" lang=\"FR-FR\" xml:lang=\"FR-FR\"><span class=\"NormalTextRun BCX0 SCXW211559272\">Donner un acc\u00e8s privil\u00e9gi\u00e9 \u00e0 une vari\u00e9t\u00e9 de ressources&nbsp;<\/span><\/span><span class=\"TextRun BCX0 SCXW211559272\" lang=\"FR-FR\" xml:lang=\"FR-FR\"><span class=\"NormalTextRun BCX0 SCXW211559272\">ainsi qu\u2019\u00e0 des&nbsp;<\/span><\/span><span class=\"TextRun BCX0 SCXW211559272\" lang=\"FR-FR\" xml:lang=\"FR-FR\"><span class=\"NormalTextRun BCX0 SCXW211559272\">outils technologiques<\/span><\/span><span class=\"TextRun BCX0 SCXW211559272\" lang=\"FR-FR\" xml:lang=\"FR-FR\"><span class=\"NormalTextRun BCX0 SCXW211559272\">&nbsp;et num\u00e9riques.<\/span><\/span><\/li>\n\n\n\n<li>Cr\u00e9er un espace commun de partage d&rsquo;outils technologiques et de ressources.<\/li>\n\n\n\n<li>Int\u00e9grer un laboratoire cr\u00e9atif \u00e0 m\u00eame le carrefour ou id\u00e9alement dans un local communiquant directement avec le carrefour.<\/li>\n<\/ul>\n<\/div>\n<\/div>\n\n\n\n<div class=\"wp-block-columns alignwide is-layout-flex wp-container-core-columns-is-layout-10 wp-block-columns-is-layout-flex\">\n<div class=\"wp-block-column is-layout-flow wp-block-column-is-layout-flow\"><\/div>\n<\/div>\n\n\n\n<div class=\"wp-block-columns alignwide is-layout-flex wp-container-core-columns-is-layout-11 wp-block-columns-is-layout-flex\">\n<div class=\"wp-block-column is-layout-flow wp-block-column-is-layout-flow\" style=\"flex-basis:100%\">\n<p class=\"has-large-font-size\"><strong>L&rsquo;axe collaboratif du carrefour d&rsquo;apprentissage vise \u00e0 : <\/strong><\/p>\n<\/div>\n<\/div>\n\n\n\n<div class=\"wp-block-columns alignwide is-layout-flex wp-container-core-columns-is-layout-12 wp-block-columns-is-layout-flex\">\n<div class=\"wp-block-column is-layout-flow wp-block-column-is-layout-flow\" style=\"flex-basis:100%\">\n<p class=\"has-large-font-size\">favoriser le travail d&rsquo;\u00e9quipe, les \u00e9changes de bonnes&nbsp;pratiques, les projets interclasses en&nbsp;offrant des&nbsp;installations telles que :&nbsp;\u200b<\/p>\n<\/div>\n<\/div>\n\n\n\n<div class=\"wp-block-columns alignwide has-large-font-size is-layout-flex wp-container-core-columns-is-layout-13 wp-block-columns-is-layout-flex\">\n<div class=\"wp-block-column is-layout-flow wp-block-column-is-layout-flow\" style=\"flex-basis:100%\">\n<ul class=\"wp-block-list\">\n<li class=\"has-large-font-size\">des salles de travail d&rsquo;\u00e9quipe,&nbsp;&nbsp;\u200b<\/li>\n\n\n\n<li class=\"has-large-font-size\">une salle de formation,\u200b<\/li>\n\n\n\n<li class=\"has-large-font-size\">des murs collaboratifs ou des tableaux&nbsp; blancs sur&nbsp;roulettes,&nbsp;\u200b<\/li>\n\n\n\n<li class=\"has-large-font-size\">un espace flexible, des tables collaboratives sur&nbsp;roulettes.<\/li>\n<\/ul>\n<\/div>\n<\/div>\n\n\n\n<div class=\"wp-block-columns alignwide is-layout-flex wp-container-core-columns-is-layout-14 wp-block-columns-is-layout-flex\">\n<div class=\"wp-block-column is-layout-flow wp-block-column-is-layout-flow\" style=\"flex-basis:100%\">\n<p class=\"has-large-font-size\">L&rsquo;axe collaboratif sous-tend \u00e9galement l&rsquo;ouverture \u00e0 la communaut\u00e9 de l&rsquo;\u00e9cole, l&rsquo;implication de parents-partenaires, participant au d\u00e9veloppement \u00e9ducatif des \u00e9l\u00e8ves. Le carrefour d&rsquo;apprentissage est ouvert aux \u00e9ducateurs en service de garde et offre des installations et des \u00e9quipements \u00e0 tous les intervenants gravitant autour de l&rsquo;\u00e9l\u00e8ve.<\/p>\n<\/div>\n<\/div>\n\n\n\n<h3 class=\"wp-block-heading alignwide has-large-font-size\"><strong>Notre philosophie<\/strong><\/h3>\n\n\n\n<div class=\"wp-block-columns alignwide is-layout-flex wp-container-core-columns-is-layout-15 wp-block-columns-is-layout-flex\">\n<div class=\"wp-block-column is-layout-flow wp-block-column-is-layout-flow\" style=\"flex-basis:100%\">\n<p class=\"has-large-font-size\">Le temps de la salle de lecture silencieuse est r\u00e9volu! La biblioth\u00e8que s&rsquo;active et se modernise! Cela n&#8217;emp\u00eache pas aux lecteurs de trouver un coin calme pour autant. La biblioth\u00e8que se diversifie tout simplement.<br>\nL&rsquo;objectif principal est de cr\u00e9er un espace commun faisant profiter \u00e0 l&rsquo;ensemble de l&rsquo;\u00e9quipe-\u00e9cole des \u00e9quipements (souvent dispendieux), des installations, du mobilier flexible, des outils technologiques et num\u00e9riques, du mat\u00e9riel p\u00e9dagogique (de science, des 4 arts) et une collection de livres riches et vari\u00e9s. Le carrefour d&rsquo;apprentissage est un espace unique, diff\u00e9rent de la classe. Le terme \u00ab\u00a0carrefour\u00a0\u00bb renvoie \u00e0 l&rsquo;id\u00e9e de compl\u00e9mentarit\u00e9 et de lien avec les autres espaces de l&rsquo;\u00e9cole, en l&rsquo;occurrence, le laboratoire cr\u00e9atif, la salle de tournage, l&rsquo;auditorium, les locaux d&rsquo;arts (4 arts). Dans un monde id\u00e9al, toutes ces installations sont situ\u00e9es \u00e0 proximit\u00e9 les unes des autres. S&rsquo;il manque d&rsquo;espace pour r\u00e9aliser ce sc\u00e9nario, pourquoi ne pas int\u00e9grer ces outils et ces installations \u00e0 m\u00eame le carrefour ?<\/p>\n<\/div>\n<\/div>\n\n\n\n<h3 class=\"wp-block-heading alignwide has-medium-font-size\"><strong>Pourquoi un carrefour d&rsquo;apprentissage ?<\/strong><\/h3>\n\n\n\n<div class=\"wp-block-columns alignwide has-large-font-size is-layout-flex wp-container-core-columns-is-layout-16 wp-block-columns-is-layout-flex\">\n<div class=\"wp-block-column is-layout-flow wp-block-column-is-layout-flow\" style=\"flex-basis:100%\">\n<ul class=\"wp-block-list\">\n<li>Pour soutenir la mission de l&rsquo;\u00e9cole qu\u00e9b\u00e9coise : instruire, socialiser, qualifier.<\/li>\n\n\n\n<li>Pour&nbsp;favoriser&nbsp;l&rsquo;enrichissement culturel des \u00e9l\u00e8ves.\u200b<\/li>\n\n\n\n<li>Pour offrir un espace commun permettant de partager des \u00e9quipements, des ressources et des installations co\u00fbteux.\u200b<\/li>\n<\/ul>\n<\/div>\n<\/div>\n\n\n\n<h3 class=\"wp-block-heading alignwide has-medium-font-size\"><strong>Comment mettre en place un carrefour d\u2019apprentissage \u00e0 son \u00e9cole? <\/strong><\/h3>\n\n\n\n<div class=\"wp-block-columns alignwide has-large-font-size is-layout-flex wp-container-core-columns-is-layout-17 wp-block-columns-is-layout-flex\">\n<div class=\"wp-block-column is-layout-flow wp-block-column-is-layout-flow\" style=\"flex-basis:100%\">\n<p>Les biblioth\u00e9caires et les conseillers p\u00e9dagogiques des Services \u00e9ducatifs (SE) ainsi que les professionnels des Ressources mat\u00e9rielles (SRM) du CSSDM collaborent pour soutenir les \u00e9quipes \u00e9coles \u00e0 la mise en place de carrefours d\u2019apprentissage au primaire et au secondaire. Pour plus d&rsquo;information, contactez la personne ressource.<\/p>\n<\/div>\n<\/div>\n\n\n\n<div class=\"wp-block-columns alignwide has-large-font-size is-layout-flex wp-container-core-columns-is-layout-18 wp-block-columns-is-layout-flex\">\n<div class=\"wp-block-column is-layout-flow wp-block-column-is-layout-flow\" style=\"flex-basis:100%\">\n<p class=\"has-medium-font-size\"><b>Contactez les biblioth\u00e9caires !<br><\/b><\/p>\n<\/div>\n<\/div>\n\n\n\n<h3 class=\"wp-block-heading alignwide has-large-font-size\"><strong>Ressources &#8211; pour en savoir plus!<\/strong><\/h3>\n\n\n\n<p class=\"has-large-font-size\"><strong><a href=\"https:\/\/csdma.sharepoint.com\/sites\/Carrefourdesapprentissages\" data-type=\"link\" data-id=\"https:\/\/csdma.sharepoint.com\/sites\/Carrefourdesapprentissages\" target=\"_blank\" rel=\"noreferrer noopener\">SharePoint Carrefour des apprentissages (acc\u00e8s CSSDM)<\/a><\/strong><\/p>\n\n\n\n<div class=\"wp-block-columns alignwide is-layout-flex wp-container-core-columns-is-layout-19 wp-block-columns-is-layout-flex\">\n<div class=\"wp-block-column is-layout-flow wp-block-column-is-layout-flow\" style=\"flex-basis:100%\">\n<ul class=\"wp-block-list\">\n<li class=\"has-link-color has-large-font-size wp-elements-382573335f66d7871352dec3d67aabdf\"><a href=\"https:\/\/cybersavoir4.cssdm.gouv.qc.ca\/bibliotheque\/wp-content\/uploads\/sites\/2\/2023\/07\/Guide-BCdA-CSSDM-sec-2023-2025-1.pdf\" target=\"_blank\" rel=\"noopener\">Guide-BCdA-CSSDM-sec-2023-2025<\/a><\/li>\n\n\n\n<li class=\"has-link-color has-large-font-size wp-elements-43927744e1cbac83c6feecaf0f655447\"><a href=\"https:\/\/cybersavoir4.cssdm.gouv.qc.ca\/bibliotheque\/wp-content\/uploads\/sites\/2\/2023\/07\/Guide-BCdA-CSSDM-prim-2023-2025.pdf\" target=\"_blank\" rel=\"noopener\">Guide-BCdA-CSSDM-prim-2023-2025<\/a><\/li>\n\n\n\n<li class=\"has-link-color has-large-font-size wp-elements-84ce4d6ec8852c03bd32b2b4e26a7962\">Le\u00a0<a href=\"https:\/\/cdn-contenu.quebec.ca\/cdn-contenu\/education\/Bibliotheques-scolaires\/Cadre_de_reference_de_la_bibliotheque_scolaire_au_carrefour_des_apprentissages.pdf\" target=\"_blank\" rel=\"noreferrer noopener\">Cadre de r\u00e9f\u00e9rence pour la biblioth\u00e8que au carrefour des apprentissages\u00a0<\/a>\u00a0soutient et encadre les organisations scolaires et propose au r\u00e9seau une vision commune de d\u00e9ploiement.<\/li>\n\n\n\n<li class=\"has-link-color has-large-font-size wp-elements-0c82733ba95292c3acbf3df41c4367a3\"><a href=\"https:\/\/drive.google.com\/file\/d\/18StP_ws7WijR-IXScH_gXMXLjpSt5YQP\/view\" target=\"_blank\" rel=\"noopener\">Quand les biblioth\u00e8ques scolaires se r\u00e9inventent : L\u2019av\u00e8nement des carrefours d\u2019apprentissage<\/a><\/li>\n\n\n\n<li class=\"has-link-color has-large-font-size wp-elements-4270a9233ea41123ff54ca891c371d93\"><a href=\"https:\/\/journal.canadianschoollibraries.ca\/la-bibliotheque-scolaire-de-lavenir\/\" target=\"_blank\" rel=\"noopener\">La biblioth\u00e8que scolaire de l&rsquo;avenir<\/a><\/li>\n\n\n\n<li class=\"has-link-color has-large-font-size wp-elements-1f98f17a175d3081b4da4c2d70915ee2\"><a href=\"http:\/\/cda.canadianschoollibraries.ca\/\" target=\"_blank\" rel=\"noopener\">L&rsquo;apprentissage en t\u00eate<\/a><\/li>\n\n\n\n<li class=\"has-link-color has-large-font-size wp-elements-79845300943fb77042571a95e76789f6\"><a href=\"https:\/\/cybersavoir4.cssdm.gouv.qc.ca\/bibliotheque\/wp-content\/uploads\/sites\/2\/2022\/01\/2010_OLATogetherforLearningFR.pdf\" target=\"_blank\" rel=\"noopener\">Ensemble pour apprendre OLAT<\/a><\/li>\n<\/ul>\n<\/div>\n<\/div>\n\n\n\n<h3 class=\"wp-block-heading alignwide has-medium-font-size\"><strong>Les m\u00e9dias en parlent !<\/strong><\/h3>\n\n\n\n<div class=\"wp-block-columns alignwide has-large-font-size is-layout-flex wp-container-core-columns-is-layout-20 wp-block-columns-is-layout-flex\">\n<div class=\"wp-block-column is-layout-flow wp-block-column-is-layout-flow\" style=\"flex-basis:100%\">\n<p class=\"has-link-color wp-elements-c0654c74b3a498cd573b6a88fa902f5d\">Le Devoir. 25 janvier 2022. <a href=\"https:\/\/cybersavoir4.cssdm.gouv.qc.ca\/bibliotheque\/wp-content\/uploads\/sites\/2\/2022\/01\/Bibliotheques-carrefours-dapprentissage-LD-25-01-2022.pdf\" target=\"_blank\" rel=\"noopener\">La biblioth\u00e8que de l&rsquo;avenir prend forme dans les ecoles du Qu\u00e9bec&nbsp;<\/a>et la version web&nbsp;&nbsp;<a href=\"https:\/\/www.ledevoir.com\/societe\/education\/664128\/education-la-bibliotheque-de-demain-prend-forme-dans-les-ecoles-du-quebec\" target=\"_blank\" rel=\"noopener\">La biblioth\u00e8que de demain prend forme dans les \u00e9coles du Qu\u00e9bec&nbsp;<\/a><\/p>\n<\/div>\n<\/div>\n\n\n\n<p><\/p>\n","protected":false},"excerpt":{"rendered":"<p>Si vous \u00eates employ\u00e9 du CSSDM consultez notre SharePoint Carrefour des apprentissages ! Cela vous donnera acc\u00e8s aux outils pour mettre en place un CA dans votre \u00e9cole. C&rsquo;est quoi un carrefour des apprentissages C&rsquo;est un espace et un dispositif de soutien \u00e0 l&rsquo;enseignement et \u00e0 l&rsquo;apprentissage ! Le\u00a0Cadre de r\u00e9f\u00e9rence pour la biblioth\u00e8que au [&hellip;]<\/p>\n","protected":false},"author":0,"featured_media":1,"parent":0,"menu_order":0,"comment_status":"closed","ping_status":"closed","template":"","meta":{"footnotes":""},"class_list":["post-7429","page","type-page","status-publish","has-post-thumbnail","hentry"],"_links":{"self":[{"href":"https:\/\/cybersavoir4.cssdm.gouv.qc.ca\/bibliotheque\/wp-json\/wp\/v2\/pages\/7429","targetHints":{"allow":["GET"]}}],"collection":[{"href":"https:\/\/cybersavoir4.cssdm.gouv.qc.ca\/bibliotheque\/wp-json\/wp\/v2\/pages"}],"about":[{"href":"https:\/\/cybersavoir4.cssdm.gouv.qc.ca\/bibliotheque\/wp-json\/wp\/v2\/types\/page"}],"replies":[{"embeddable":true,"href":"https:\/\/cybersavoir4.cssdm.gouv.qc.ca\/bibliotheque\/wp-json\/wp\/v2\/comments?post=7429"}],"version-history":[{"count":44,"href":"https:\/\/cybersavoir4.cssdm.gouv.qc.ca\/bibliotheque\/wp-json\/wp\/v2\/pages\/7429\/revisions"}],"predecessor-version":[{"id":13222,"href":"https:\/\/cybersavoir4.cssdm.gouv.qc.ca\/bibliotheque\/wp-json\/wp\/v2\/pages\/7429\/revisions\/13222"}],"wp:featuredmedia":[{"embeddable":true,"href":"https:\/\/cybersavoir4.cssdm.gouv.qc.ca\/bibliotheque\/wp-json\/"}],"wp:attachment":[{"href":"https:\/\/cybersavoir4.cssdm.gouv.qc.ca\/bibliotheque\/wp-json\/wp\/v2\/media?parent=7429"}],"curies":[{"name":"wp","href":"https:\/\/api.w.org\/{rel}","templated":true}]}}