{"id":4607,"date":"2017-12-15T15:14:54","date_gmt":"2017-12-15T20:14:54","guid":{"rendered":"https:\/\/cybersavoir4.cssdm.gouv.qc.ca\/bibliotheque\/?page_id=4607"},"modified":"2025-03-25T18:45:59","modified_gmt":"2025-03-25T17:45:59","slug":"vision-mission-et-objectifs","status":"publish","type":"page","link":"https:\/\/cybersavoir4.cssdm.gouv.qc.ca\/bibliotheque\/nous-contacter-2\/vision-mission-et-objectifs\/","title":{"rendered":"Vision, mission et objectifs"},"content":{"rendered":"\n<div class=\"wp-block-columns alignwide is-layout-flex wp-container-core-columns-is-layout-1 wp-block-columns-is-layout-flex\">\n<div class=\"wp-block-column is-layout-flow wp-block-column-is-layout-flow\">\n<h3 class=\"wp-block-heading has-text-align-center has-medium-font-size\"><strong>Notre vision<\/strong><\/h3>\n\n\n\n<p style=\"line-height:1.8\">La biblioth\u00e8que scolaire est un service \u00e9ducatif compl\u00e9mentaire essentiel \u00e0 la vie p\u00e9dagogique et culturelle de l\u2019\u00e9cole. Par ses ressources documentaires vari\u00e9es et adapt\u00e9es au milieu scolaire, elle vise \u00e0 soutenir les apprentissages et l\u2019enseignement. \u00c0 l\u2019image de l\u2019\u00e9cole, la biblioth\u00e8que contribue \u00e0 la fois au d\u00e9veloppement intellectuel, personnel et culturel des \u00e9l\u00e8ves et du personnel, en plus de favoriser leur int\u00e9gration dans la soci\u00e9t\u00e9. D&rsquo;ailleurs, dans son d\u00e9veloppement, elle tend \u00e0 mettre en valeur la personnalit\u00e9 et le projet \u00e9ducatif de l\u2019\u00e9cole.<\/p>\n<\/div>\n<\/div>\n\n\n\n<div class=\"wp-block-columns alignwide is-layout-flex wp-container-core-columns-is-layout-2 wp-block-columns-is-layout-flex\">\n<div class=\"wp-block-column is-layout-flow wp-block-column-is-layout-flow\">\n<h3 class=\"wp-block-heading has-text-align-center has-medium-font-size\"><strong>Notre mission<\/strong><\/h3>\n\n\n\n<p style=\"line-height:1.8\">Au CSSDM, le personnel des biblioth\u00e8ques prend \u00e0 c\u0153ur d\u2019assister et de conseiller les membres des \u00e9quipes-\u00e9coles. Tous et toutes travaillent de concert \u00e0 valoriser des habitudes de lecture durables, \u00e0 d\u00e9velopper la culture informationnelle des \u00e9l\u00e8ves et \u00e0 mettre sur pied une biblioth\u00e8que scolaire dynamique.<\/p>\n<\/div>\n<\/div>\n\n\n\n<div class=\"wp-block-columns alignwide is-layout-flex wp-container-core-columns-is-layout-3 wp-block-columns-is-layout-flex\">\n<div class=\"wp-block-column is-layout-flow wp-block-column-is-layout-flow\">\n<h3 class=\"wp-block-heading has-text-align-center has-medium-font-size\"><strong>Nos objectifs g\u00e9n\u00e9raux<\/strong><\/h3>\n\n\n\n<ul class=\"wp-block-list\">\n<li>D\u00e9velopper la citoyennet\u00e9 des \u00e9l\u00e8ves \u00e0 l&rsquo;\u00e8re du num\u00e9rique.<\/li>\n\n\n\n<li>D\u00e9velopper la litt\u00e9ratie des \u00e9l\u00e8ves<\/li>\n<\/ul>\n<\/div>\n<\/div>\n\n\n\n<div class=\"wp-block-columns alignwide is-layout-flex wp-container-core-columns-is-layout-4 wp-block-columns-is-layout-flex\">\n<div class=\"wp-block-column is-layout-flow wp-block-column-is-layout-flow\">\n<h3 class=\"wp-block-heading has-text-align-center has-medium-font-size\"><strong>Nos objectifs sp\u00e9cifiques<\/strong><\/h3>\n\n\n\n<ul class=\"wp-block-list\">\n<li>Accro\u00eetre l&rsquo;accessibilit\u00e9 \u00e0 des collections riches et vari\u00e9es.<\/li>\n\n\n\n<li>Accro\u00eetre le plaisir de lire et ainsi faciliter la r\u00e9ussite de l&rsquo;apprentissage de la lecture.<\/li>\n\n\n\n<li>Cocr\u00e9er une plateforme interactive permettant de mobiliser la culture informationnelle des \u00e9l\u00e8ves.<\/li>\n\n\n\n<li>Augmenter le nombre de carrefours d&rsquo;apprentissage sur l&rsquo;ensemble du territoire.<\/li>\n\n\n\n<li>Contribuer au d\u00e9veloppement de la comp\u00e9tence num\u00e9rique des \u00e9l\u00e8ves.<\/li>\n\n\n\n<li>Arrimer l&rsquo;information li\u00e9e \u00e0 la citoyennet\u00e9 \u00e0 l&rsquo;\u00e8re du num\u00e9rique d\u00e9ploy\u00e9e sur les diff\u00e9rents blogues du CSSDM.<\/li>\n\n\n\n<li>Travailler de mani\u00e8re collaborative entre services.<\/li>\n<\/ul>\n<\/div>\n<\/div>\n\n\n\n<div class=\"wp-block-columns alignwide is-layout-flex wp-container-core-columns-is-layout-5 wp-block-columns-is-layout-flex\">\n<div class=\"wp-block-column is-layout-flow wp-block-column-is-layout-flow\">\n<h3 class=\"wp-block-heading has-link-color has-medium-font-size wp-elements-0bf25e0e6ae53e68b3fbf2a37fe38729\"><strong>Notre vision de la biblioth\u00e8que scolaire :\u00a0<a href=\"https:\/\/cybersavoir4.cssdm.gouv.qc.ca\/bibliotheque\/carrefour-dapprentissage\/\">le carrefour d&rsquo;apprentissage\u00a0<\/a><\/strong><\/h3>\n\n\n\n<h1 class=\"wp-block-heading has-link-color has-large-font-size wp-elements-84bcfdfc4f9e5a184786b71664f24eb7\"><a href=\"https:\/\/cybersavoir4.cssdm.gouv.qc.ca\/bibliotheque\/nous-contacter-2\/\"><strong>Qui sommes-nous?<\/strong><\/a><\/h1>\n<\/div>\n<\/div>\n","protected":false},"excerpt":{"rendered":"<p>Notre vision La biblioth\u00e8que scolaire est un service \u00e9ducatif compl\u00e9mentaire essentiel \u00e0 la vie p\u00e9dagogique et culturelle de l\u2019\u00e9cole. Par ses ressources documentaires vari\u00e9es et adapt\u00e9es au milieu scolaire, elle vise \u00e0 soutenir les apprentissages et l\u2019enseignement. \u00c0 l\u2019image de l\u2019\u00e9cole, la biblioth\u00e8que contribue \u00e0 la fois au d\u00e9veloppement intellectuel, personnel et culturel des \u00e9l\u00e8ves [&hellip;]<\/p>\n","protected":false},"author":0,"featured_media":1,"parent":141,"menu_order":0,"comment_status":"closed","ping_status":"closed","template":"","meta":{"footnotes":""},"class_list":["post-4607","page","type-page","status-publish","has-post-thumbnail","hentry"],"_links":{"self":[{"href":"https:\/\/cybersavoir4.cssdm.gouv.qc.ca\/bibliotheque\/wp-json\/wp\/v2\/pages\/4607","targetHints":{"allow":["GET"]}}],"collection":[{"href":"https:\/\/cybersavoir4.cssdm.gouv.qc.ca\/bibliotheque\/wp-json\/wp\/v2\/pages"}],"about":[{"href":"https:\/\/cybersavoir4.cssdm.gouv.qc.ca\/bibliotheque\/wp-json\/wp\/v2\/types\/page"}],"replies":[{"embeddable":true,"href":"https:\/\/cybersavoir4.cssdm.gouv.qc.ca\/bibliotheque\/wp-json\/wp\/v2\/comments?post=4607"}],"version-history":[{"count":4,"href":"https:\/\/cybersavoir4.cssdm.gouv.qc.ca\/bibliotheque\/wp-json\/wp\/v2\/pages\/4607\/revisions"}],"predecessor-version":[{"id":12658,"href":"https:\/\/cybersavoir4.cssdm.gouv.qc.ca\/bibliotheque\/wp-json\/wp\/v2\/pages\/4607\/revisions\/12658"}],"up":[{"embeddable":true,"href":"https:\/\/cybersavoir4.cssdm.gouv.qc.ca\/bibliotheque\/wp-json\/wp\/v2\/pages\/141"}],"wp:featuredmedia":[{"embeddable":true,"href":"https:\/\/cybersavoir4.cssdm.gouv.qc.ca\/bibliotheque\/wp-json\/"}],"wp:attachment":[{"href":"https:\/\/cybersavoir4.cssdm.gouv.qc.ca\/bibliotheque\/wp-json\/wp\/v2\/media?parent=4607"}],"curies":[{"name":"wp","href":"https:\/\/api.w.org\/{rel}","templated":true}]}}