{"id":3800,"date":"2017-07-11T15:39:00","date_gmt":"2017-07-11T19:39:00","guid":{"rendered":"https:\/\/cybersavoir4.cssdm.gouv.qc.ca\/bibliotheque\/?page_id=3800"},"modified":"2026-02-20T10:29:01","modified_gmt":"2026-02-20T15:29:01","slug":"logiciel-regard","status":"publish","type":"page","link":"https:\/\/cybersavoir4.cssdm.gouv.qc.ca\/bibliotheque\/logiciel-regard\/","title":{"rendered":"Logiciel Regard"},"content":{"rendered":"\n<div class=\"wp-block-columns alignwide is-layout-flex wp-container-core-columns-is-layout-1 wp-block-columns-is-layout-flex\">\n<div class=\"wp-block-column is-layout-flow wp-block-column-is-layout-flow\">\n<h3 class=\"wp-block-heading has-medium-font-size\"><strong>Recherche avec le catalogue de biblioth\u00e8que Regard&nbsp;<\/strong><\/h3>\n\n\n\n<p class=\"has-link-color wp-elements-48e69a07873b8a7ad4e57d4d77b6e475\">Consultez nos&nbsp;<a href=\"https:\/\/cybersavoir4.cssdm.gouv.qc.ca\/bibliotheque\/logiciel-regard\/recherche-avec-le-catalogue-regard\/\">proc\u00e9duriers et vid\u00e9os<\/a>&nbsp;pour vous familiariser avec la recherche dans le catalogue en ligne Regard.<\/p>\n\n\n\n<h3 class=\"wp-block-heading has-medium-font-size\"><strong>Utilisation du logiciel de gestion Regard<\/strong><\/h3>\n\n\n\n<p class=\"has-link-color wp-elements-dfa65edffac52bd4ffc23613dbfd85f0\"><\/p>\n\n\n\n<h3 class=\"wp-block-heading has-link-color has-medium-font-size wp-elements-9bc1d3e0d04dc628a80a91a157a9016e\"><strong><a href=\"http:\/\/cybersavoir4.cssdm.gouv.qc.ca\/bibliotheque\/wp-content\/uploads\/sites\/2\/2026\/02\/Procedurier_Logiciel-Regard_Circulation-et-listes_Fevrier-2026-2.pdf\" target=\"_blank\" rel=\"noreferrer noopener\">Proc\u00e9durier_Logiciel Regard_Circulation et listes_F\u00e9vrier 2026<\/a><\/strong><\/h3>\n\n\n\n<p><\/p>\n\n\n\n<ul class=\"wp-block-list\">\n<li class=\"has-link-color wp-elements-b8ad240bb729d78cc694b93244686098\"><a href=\"http:\/\/cybersavoir4.cssdm.gouv.qc.ca\/bibliotheque\/wp-content\/uploads\/sites\/2\/2026\/01\/Aide-memoire_PRET-et-RETOUR-REGARD.pdf\" target=\"_blank\" rel=\"noreferrer noopener\">Aide-m\u00e9moire_PRET et RETOUR_REGARD<\/a><\/li>\n\n\n\n<li class=\"has-link-color wp-elements-03fda426affd5888de6fc2737f2d81dc\"><a href=\"https:\/\/cybersavoir4.cssdm.gouv.qc.ca\/bibliotheque\/wp-content\/uploads\/sites\/2\/2018\/05\/Liste-de-retards-pour-un-groupe-repere-en-particulier.pdf\" target=\"_blank\" rel=\"noreferrer noopener\">Liste de retards&nbsp;pour un groupe rep\u00e8re en particulier<\/a><\/li>\n\n\n\n<li class=\"has-link-color wp-elements-26d8d0ad99c36dddd5e6ac3f75da3ede\"><a href=\"https:\/\/cybersavoir4.cssdm.gouv.qc.ca\/bibliotheque\/wp-content\/uploads\/sites\/2\/2018\/05\/Liste-de-retards-pour-lensemble-des-groupes-repere-de-lecole.pdf\" target=\"_blank\" rel=\"noreferrer noopener\">Liste de retards pour l\u2019ensemble des groupes rep\u00e8re de l\u2019\u00e9cole<\/a><\/li>\n\n\n\n<li class=\"has-link-color wp-elements-812b7935055967cc251da3fdfd2ba6a8\"><a href=\"https:\/\/cybersavoir4.cssdm.gouv.qc.ca\/bibliotheque\/wp-content\/uploads\/sites\/2\/2024\/04\/Partie-2-F_Avis-de-retard_Tous-les-groupes.pdf\" target=\"_blank\" rel=\"noreferrer noopener\">Avis de retard pour l&rsquo;ensemble des groupes rep\u00e8re<\/a><\/li>\n\n\n\n<li class=\"has-link-color wp-elements-4004b8e8a85cd4b3650f8ab87d7777bc\"><a href=\"https:\/\/cybersavoir4.cssdm.gouv.qc.ca\/bibliotheque\/wp-content\/uploads\/sites\/2\/2018\/05\/Liste-des-prets-pour-un-groupe-repere-en-particulier.pdf\" target=\"_blank\" rel=\"noreferrer noopener\">Liste des pr\u00eats pour un groupe rep\u00e8re en particulier<\/a><\/li>\n\n\n\n<li class=\"has-link-color wp-elements-38cdbc0dfe9a02596117cce1914ed7f2\"><a href=\"https:\/\/cybersavoir4.cssdm.gouv.qc.ca\/bibliotheque\/wp-content\/uploads\/sites\/2\/2018\/05\/Renouvellement.pdf\" target=\"_blank\" rel=\"noreferrer noopener\">Renouvellement de documents<\/a><\/li>\n\n\n\n<li class=\"has-link-color wp-elements-ffa339309fee5514d379218a406913e0\"><a href=\"https:\/\/cybersavoir4.cssdm.gouv.qc.ca\/bibliotheque\/wp-content\/uploads\/sites\/2\/2018\/05\/Reservation-de-documents.pdf\" target=\"_blank\" rel=\"noreferrer noopener\">R\u00e9servation de documents<\/a><\/li>\n<\/ul>\n\n\n\n<h3 class=\"wp-block-heading has-medium-font-size\"><strong>Vid\u00e9os sur l&rsquo;utilisation du logiciel de gestion Regard<\/strong><\/h3>\n<\/div>\n<\/div>\n\n\n\n<div class=\"wp-block-columns alignwide is-style-default is-layout-flex wp-container-core-columns-is-layout-2 wp-block-columns-is-layout-flex\">\n<div class=\"wp-block-column is-layout-flow wp-block-column-is-layout-flow\">\n<figure class=\"wp-block-embed is-type-video is-provider-youtube wp-block-embed-youtube wp-embed-aspect-4-3 wp-has-aspect-ratio\"><div class=\"wp-block-embed__wrapper\">\n<iframe loading=\"lazy\" title=\"Pr\u00eat par groupe tuteur\" width=\"500\" height=\"375\" src=\"https:\/\/www.youtube.com\/embed\/3srVPbKTgZE?feature=oembed\" frameborder=\"0\" allow=\"accelerometer; autoplay; clipboard-write; encrypted-media; gyroscope; picture-in-picture; web-share\" referrerpolicy=\"strict-origin-when-cross-origin\" allowfullscreen><\/iframe>\n<\/div><\/figure>\n<\/div>\n\n\n\n<div class=\"wp-block-column is-layout-flow wp-block-column-is-layout-flow\"><\/div>\n<\/div>\n\n\n\n<div style=\"height:50px\" aria-hidden=\"true\" class=\"wp-block-spacer\"><\/div>\n\n\n\n<div class=\"wp-block-columns alignwide is-layout-flex wp-container-core-columns-is-layout-3 wp-block-columns-is-layout-flex\">\n<div class=\"wp-block-column is-layout-flow wp-block-column-is-layout-flow\">\n<figure class=\"wp-block-embed is-type-video is-provider-youtube wp-block-embed-youtube wp-embed-aspect-4-3 wp-has-aspect-ratio\"><div class=\"wp-block-embed__wrapper\">\n<iframe loading=\"lazy\" title=\"Gestion des documents perdus\" width=\"500\" height=\"375\" src=\"https:\/\/www.youtube.com\/embed\/WToKWSKhdZA?feature=oembed\" frameborder=\"0\" allow=\"accelerometer; autoplay; clipboard-write; encrypted-media; gyroscope; picture-in-picture; web-share\" referrerpolicy=\"strict-origin-when-cross-origin\" allowfullscreen><\/iframe>\n<\/div><\/figure>\n<\/div>\n\n\n\n<div class=\"wp-block-column is-layout-flow wp-block-column-is-layout-flow\"><\/div>\n<\/div>\n\n\n\n<div style=\"height:50px\" aria-hidden=\"true\" class=\"wp-block-spacer\"><\/div>\n\n\n\n<div class=\"wp-block-columns alignwide is-layout-flex wp-container-core-columns-is-layout-4 wp-block-columns-is-layout-flex\">\n<div class=\"wp-block-column is-layout-flow wp-block-column-is-layout-flow\">\n<figure class=\"wp-block-embed is-type-video is-provider-youtube wp-block-embed-youtube wp-embed-aspect-4-3 wp-has-aspect-ratio\"><div class=\"wp-block-embed__wrapper\">\n<iframe loading=\"lazy\" title=\"Facturation\" width=\"500\" height=\"375\" src=\"https:\/\/www.youtube.com\/embed\/HN-65ZPVgHE?feature=oembed\" frameborder=\"0\" allow=\"accelerometer; autoplay; clipboard-write; encrypted-media; gyroscope; picture-in-picture; web-share\" referrerpolicy=\"strict-origin-when-cross-origin\" allowfullscreen><\/iframe>\n<\/div><\/figure>\n<\/div>\n\n\n\n<div class=\"wp-block-column is-layout-flow wp-block-column-is-layout-flow\"><\/div>\n<\/div>\n\n\n\n<div style=\"height:50px\" aria-hidden=\"true\" class=\"wp-block-spacer\"><\/div>\n\n\n\n<div class=\"wp-block-columns alignwide is-layout-flex wp-container-core-columns-is-layout-5 wp-block-columns-is-layout-flex\">\n<div class=\"wp-block-column is-layout-flow wp-block-column-is-layout-flow\">\n<figure class=\"wp-block-embed is-type-video is-provider-youtube wp-block-embed-youtube wp-embed-aspect-4-3 wp-has-aspect-ratio\"><div class=\"wp-block-embed__wrapper\">\n<iframe loading=\"lazy\" title=\"Historique des emprunteurs\" width=\"500\" height=\"375\" src=\"https:\/\/www.youtube.com\/embed\/autyV30gd1E?feature=oembed\" frameborder=\"0\" allow=\"accelerometer; autoplay; clipboard-write; encrypted-media; gyroscope; picture-in-picture; web-share\" referrerpolicy=\"strict-origin-when-cross-origin\" allowfullscreen><\/iframe>\n<\/div><\/figure>\n<\/div>\n\n\n\n<div class=\"wp-block-column is-layout-flow wp-block-column-is-layout-flow\"><\/div>\n<\/div>\n\n\n\n<div class=\"wp-block-columns alignwide is-layout-flex wp-container-core-columns-is-layout-6 wp-block-columns-is-layout-flex\">\n<div class=\"wp-block-column is-layout-flow wp-block-column-is-layout-flow\">\n<p class=\"has-text-color has-link-color wp-elements-a1eafd681d161a422fdfc4decc107b8c\" style=\"color:#800080\">Avis de retard primaire (\u00e0 venir)<\/p>\n<\/div>\n<\/div>\n","protected":false},"excerpt":{"rendered":"<p>Recherche avec le catalogue de biblioth\u00e8que Regard&nbsp; Consultez nos&nbsp;proc\u00e9duriers et vid\u00e9os&nbsp;pour vous familiariser avec la recherche dans le catalogue en ligne Regard. Utilisation du logiciel de gestion Regard Proc\u00e9durier_Logiciel Regard_Circulation et listes_F\u00e9vrier 2026 Vid\u00e9os sur l&rsquo;utilisation du logiciel de gestion Regard Avis de retard primaire (\u00e0 venir)<\/p>\n","protected":false},"author":15,"featured_media":1,"parent":0,"menu_order":0,"comment_status":"closed","ping_status":"closed","template":"","meta":{"footnotes":""},"class_list":["post-3800","page","type-page","status-publish","has-post-thumbnail","hentry"],"_links":{"self":[{"href":"https:\/\/cybersavoir4.cssdm.gouv.qc.ca\/bibliotheque\/wp-json\/wp\/v2\/pages\/3800","targetHints":{"allow":["GET"]}}],"collection":[{"href":"https:\/\/cybersavoir4.cssdm.gouv.qc.ca\/bibliotheque\/wp-json\/wp\/v2\/pages"}],"about":[{"href":"https:\/\/cybersavoir4.cssdm.gouv.qc.ca\/bibliotheque\/wp-json\/wp\/v2\/types\/page"}],"author":[{"embeddable":true,"href":"https:\/\/cybersavoir4.cssdm.gouv.qc.ca\/bibliotheque\/wp-json\/wp\/v2\/users\/15"}],"replies":[{"embeddable":true,"href":"https:\/\/cybersavoir4.cssdm.gouv.qc.ca\/bibliotheque\/wp-json\/wp\/v2\/comments?post=3800"}],"version-history":[{"count":26,"href":"https:\/\/cybersavoir4.cssdm.gouv.qc.ca\/bibliotheque\/wp-json\/wp\/v2\/pages\/3800\/revisions"}],"predecessor-version":[{"id":13574,"href":"https:\/\/cybersavoir4.cssdm.gouv.qc.ca\/bibliotheque\/wp-json\/wp\/v2\/pages\/3800\/revisions\/13574"}],"wp:featuredmedia":[{"embeddable":true,"href":"https:\/\/cybersavoir4.cssdm.gouv.qc.ca\/bibliotheque\/wp-json\/"}],"wp:attachment":[{"href":"https:\/\/cybersavoir4.cssdm.gouv.qc.ca\/bibliotheque\/wp-json\/wp\/v2\/media?parent=3800"}],"curies":[{"name":"wp","href":"https:\/\/api.w.org\/{rel}","templated":true}]}}