{"id":3752,"date":"2017-07-11T13:54:54","date_gmt":"2017-07-11T17:54:54","guid":{"rendered":"https:\/\/cybersavoir4.cssdm.gouv.qc.ca\/bibliotheque\/?page_id=3752"},"modified":"2026-04-21T10:36:43","modified_gmt":"2026-04-21T14:36:43","slug":"traitement-des-documents","status":"publish","type":"page","link":"https:\/\/cybersavoir4.cssdm.gouv.qc.ca\/bibliotheque\/traitement-des-documents\/","title":{"rendered":"Traitement des documents"},"content":{"rendered":"\n<div class=\"wp-block-columns alignwide is-layout-flex wp-container-core-columns-is-layout-1 wp-block-columns-is-layout-flex\">\n<div class=\"wp-block-column is-layout-flow wp-block-column-is-layout-flow\">\n<h3 class=\"wp-block-heading has-x-large-font-size\"><strong>Proc\u00e9dure pour le traitement des nouveaut\u00e9s<\/strong><\/h3>\n\n\n\n<p class=\"has-link-color has-medium-font-size wp-elements-83fec6f6e4729e810040ccd4d176c8a1\" style=\"line-height:1.8\">Pour faire traiter vos nouveaux documents, vous devez contacter notre guichet unique par courriel&nbsp;(<a href=\"mailto:secteur.biblio@csdm.qc.ca\">secteur.biblio@cssdm.gouv.qc.ca<\/a>) et mentionner le nombre de bo\u00eetes de livres que vous avez \u00e0 nous faire parvenir.&nbsp;<strong>Notre \u00e9quipe se chargera de faire la demande aupr\u00e8s du Service de transport<\/strong>. Utilisez le formulaire de demande de traitement (plus bas) que vous joindrez \u00e0 votre courriel.<\/p>\n\n\n\n<p class=\"has-medium-font-size\">Pour de plus amples informations, vous pouvez nous rejoindre au poste 7027.<\/p>\n\n\n\n<div style=\"height:20px\" aria-hidden=\"true\" class=\"wp-block-spacer\"><\/div>\n\n\n\n<p class=\"has-medium-font-size\">Pour mieux conna\u00eetre le processus de demande de traitement aupr\u00e8s de notre \u00e9quipe :<\/p>\n\n\n\n<ul class=\"wp-block-list\">\n<li class=\"has-link-color has-medium-font-size wp-elements-ab1f0c54a8f8994599f9cd8ca2bb702d\"><a href=\"https:\/\/cybersavoir4.cssdm.gouv.qc.ca\/bibliotheque\/wp-content\/uploads\/sites\/2\/2022\/09\/Procedure-de-demande-de-traitement-documentaire.pdf\" target=\"_blank\" rel=\"noreferrer noopener\">Proc\u00e9dure de demande de traitement<\/a><\/li>\n\n\n\n<li class=\"has-link-color has-medium-font-size wp-elements-ff565c998eca1c83592eca96242fcaf1\"><a href=\"http:\/\/cybersavoir4.cssdm.gouv.qc.ca\/bibliotheque\/wp-content\/uploads\/sites\/2\/2026\/04\/Modalite_-Traitement-documentaire_Secteur-Biblio_2026.pdf\">Modalit\u00e9s<\/a><\/li>\n<\/ul>\n\n\n\n<p class=\"has-medium-font-size\">Voici les documents que vous recevrez par courriel suite \u00e0 votre demande&nbsp;:<\/p>\n\n\n\n<ul class=\"wp-block-list\">\n<li class=\"has-link-color has-medium-font-size wp-elements-e11fca45f6462f3580f5489301b8ab67\"><a href=\"https:\/\/cybersavoir4.cssdm.gouv.qc.ca\/bibliotheque\/wp-content\/uploads\/sites\/2\/2022\/09\/Formulaire-de-demande-traitement_a-completer-et-a-inserer-dans-la-BOITE-1-pour-les-ecoles.doc\" target=\"_blank\" rel=\"noreferrer noopener\">Formulaire de demande traitement<\/a><\/li>\n\n\n\n<li class=\"has-link-color has-medium-font-size wp-elements-983672567aad6540710a651d034573e9\"><a href=\"https:\/\/cybersavoir4.cssdm.gouv.qc.ca\/bibliotheque\/wp-content\/uploads\/sites\/2\/2026\/02\/Fiche-dexpedition-a-apposer-sur-les-boites_Pour-les-ecoles_413-500.doc\" data-type=\"attachment\" data-id=\"13499\" target=\"_blank\" rel=\"noreferrer noopener\">Fiche d&rsquo;exp\u00e9dition \u00e0 apposer sur les bo\u00eetes<\/a><\/li>\n<\/ul>\n<\/div>\n<\/div>\n\n\n\n<div style=\"height:20px\" aria-hidden=\"true\" class=\"wp-block-spacer\"><\/div>\n\n\n\n<div class=\"wp-block-columns alignwide is-layout-flex wp-container-core-columns-is-layout-2 wp-block-columns-is-layout-flex\">\n<div class=\"wp-block-column is-layout-flow wp-block-column-is-layout-flow\">\n<h3 class=\"wp-block-heading has-medium-font-size has-x-large-font-size\"><strong>Proc\u00e9dure pour le traitement des p\u00e9riodiques<\/strong><\/h3>\n\n\n\n<p class=\"has-link-color has-medium-font-size wp-elements-c0643d4cd2b90c41f66c4b4af4035e35\">Pour faire traiter vos p\u00e9riodiques, vous devez compl\u00e9ter le formulaire&nbsp; et le faire parvenir par courriel \u00e0 notre guichet unique&nbsp;: (<a href=\"mailto:secteur.biblio@csdm.qc.ca\">secteur.biblio@cssdm.gouv.qc.ca<\/a>)&nbsp;<\/p>\n\n\n\n<ul class=\"wp-block-list\">\n<li class=\"has-link-color has-medium-font-size wp-elements-1664a7575c5436e2756393c778223c8f\"><a href=\"https:\/\/cybersavoir4.cssdm.gouv.qc.ca\/bibliotheque\/wp-content\/uploads\/sites\/2\/2018\/11\/REQUETE-POUR-LE-TRAITEMENT-DE-PERIODIQUES.docx\" target=\"_blank\" rel=\"noreferrer noopener\">Requ\u00eate pour le traitement des p\u00e9riodiques<\/a><\/li>\n<\/ul>\n\n\n\n<div style=\"height:20px\" aria-hidden=\"true\" class=\"wp-block-spacer\"><\/div>\n\n\n\n<h3 class=\"wp-block-heading has-medium-font-size has-x-large-font-size\"><strong>Proc\u00e9dure pour remplacement de codes z\u00e9br\u00e9s ou cotes abim\u00e9es<\/strong><\/h3>\n\n\n\n<p class=\"has-link-color has-medium-font-size wp-elements-ec9f4986476ce6ee0d5e82e30aee0fb3\">Pour recevoir des \u00e9tiquettes de codes z\u00e9br\u00e9s ou de cotes de remplacement lorsque ceux-ci sont ab\u00eem\u00e9s, compl\u00e9tez le formulaire&nbsp; suivant et le faire parvenir par courriel \u00e0 notre guichet unique : (<a href=\"mailto:secteur.biblio@csdm.qc.ca\">secteur.biblio@cssdm.gouv.qc.ca<\/a>)<\/p>\n\n\n\n<ul class=\"wp-block-list\">\n<li class=\"has-link-color has-medium-font-size wp-elements-8de3134181ebf554d03abed23d188c13\"><a href=\"https:\/\/cybersavoir4.cssdm.gouv.qc.ca\/bibliotheque\/wp-content\/uploads\/sites\/2\/2023\/04\/REQUETE-POUR-CODES-ZEBRES-ET-COTES-A-IMPRIMER.docx\" target=\"_blank\" rel=\"noreferrer noopener\">REQU\u00caTE POUR CODES Z\u00c9BR\u00c9S ET COTES \u00c0 IMPRIMER<\/a><\/li>\n<\/ul>\n<\/div>\n<\/div>\n","protected":false},"excerpt":{"rendered":"<p>Proc\u00e9dure pour le traitement des nouveaut\u00e9s Pour faire traiter vos nouveaux documents, vous devez contacter notre guichet unique par courriel&nbsp;(secteur.biblio@cssdm.gouv.qc.ca) et mentionner le nombre de bo\u00eetes de livres que vous avez \u00e0 nous faire parvenir.&nbsp;Notre \u00e9quipe se chargera de faire la demande aupr\u00e8s du Service de transport. Utilisez le formulaire de demande de traitement (plus [&hellip;]<\/p>\n","protected":false},"author":0,"featured_media":1,"parent":0,"menu_order":0,"comment_status":"closed","ping_status":"closed","template":"","meta":{"footnotes":""},"class_list":["post-3752","page","type-page","status-publish","has-post-thumbnail","hentry"],"_links":{"self":[{"href":"https:\/\/cybersavoir4.cssdm.gouv.qc.ca\/bibliotheque\/wp-json\/wp\/v2\/pages\/3752","targetHints":{"allow":["GET"]}}],"collection":[{"href":"https:\/\/cybersavoir4.cssdm.gouv.qc.ca\/bibliotheque\/wp-json\/wp\/v2\/pages"}],"about":[{"href":"https:\/\/cybersavoir4.cssdm.gouv.qc.ca\/bibliotheque\/wp-json\/wp\/v2\/types\/page"}],"replies":[{"embeddable":true,"href":"https:\/\/cybersavoir4.cssdm.gouv.qc.ca\/bibliotheque\/wp-json\/wp\/v2\/comments?post=3752"}],"version-history":[{"count":28,"href":"https:\/\/cybersavoir4.cssdm.gouv.qc.ca\/bibliotheque\/wp-json\/wp\/v2\/pages\/3752\/revisions"}],"predecessor-version":[{"id":13692,"href":"https:\/\/cybersavoir4.cssdm.gouv.qc.ca\/bibliotheque\/wp-json\/wp\/v2\/pages\/3752\/revisions\/13692"}],"wp:featuredmedia":[{"embeddable":true,"href":"https:\/\/cybersavoir4.cssdm.gouv.qc.ca\/bibliotheque\/wp-json\/"}],"wp:attachment":[{"href":"https:\/\/cybersavoir4.cssdm.gouv.qc.ca\/bibliotheque\/wp-json\/wp\/v2\/media?parent=3752"}],"curies":[{"name":"wp","href":"https:\/\/api.w.org\/{rel}","templated":true}]}}