{"id":141,"date":"2015-01-13T09:30:52","date_gmt":"2015-01-13T14:30:52","guid":{"rendered":"https:\/\/cybersavoir4.cssdm.gouv.qc.ca\/bibliotheque\/?page_id=141"},"modified":"2025-12-11T14:45:57","modified_gmt":"2025-12-11T19:45:57","slug":"nous-contacter-2","status":"publish","type":"page","link":"https:\/\/cybersavoir4.cssdm.gouv.qc.ca\/bibliotheque\/nous-contacter-2\/","title":{"rendered":"Nous contacter"},"content":{"rendered":"\n<div class=\"wp-block-columns alignwide is-layout-flex wp-container-core-columns-is-layout-1 wp-block-columns-is-layout-flex\">\n<div class=\"wp-block-column is-layout-flow wp-block-column-is-layout-flow\">\n<h2 class=\"wp-block-heading has-medium-font-size\"><strong>Le secteur des biblioth\u00e8ques<\/strong><\/h2>\n\n\n\n<p style=\"line-height:1.8\">Le secteur des biblioth\u00e8ques fait partie du bureau des Services \u00e9ducatifs. L&rsquo;\u00e9quipe est compos\u00e9e de 10 biblioth\u00e9caires, de 6 technicien(ne)s en documentation, de 2 magasiniers et d&rsquo;un agent de d\u00e9veloppement culturel.<\/p>\n\n\n\n<p><strong><em>Coordonnatrice<br><\/em><\/strong>Isabelle Grenier<\/p>\n\n\n\n<p style=\"line-height:1.8\"><strong><em>Biblioth\u00e9caires<br><\/em><\/strong>Lourdine Altidor-Marsan, Ariane Bertouille, Brigitte Boiteau, Radia Cheriaf, Dominique Malchelosse, Karl Mauboussin, Guillaume S. Thibodeau, \u00c9lise Ste-Marie, Damien Thornton<\/p>\n\n\n\n<p><em><strong>Technicien(nes) en documentation<\/strong><\/em><br>Fr\u00e9d\u00e9rick Blais, Guylaine Julien, Annie Millaire, H\u00e9l\u00e8ne Patenaude<\/p>\n\n\n\n<p><\/p>\n\n\n\n<p><\/p>\n<\/div>\n<\/div>\n\n\n\n<div class=\"wp-block-columns alignwide is-layout-flex wp-container-core-columns-is-layout-2 wp-block-columns-is-layout-flex\">\n<div class=\"wp-block-column is-layout-flow wp-block-column-is-layout-flow\">\n<h2 class=\"wp-block-heading has-medium-font-size\"><strong>Pour nous joindre :<\/strong><\/h2>\n\n\n\n<h3 class=\"wp-block-heading has-medium-font-size\"><strong>Guichet unique au poste 7027<\/strong><\/h3>\n\n\n\n<p style=\"line-height:1.8\">Que ce soit pour une demande de traitement de vos livres, pour une question ou de l&rsquo;aide concernant le logiciel Regard, ou pour toutes autres questions concernant la biblioth\u00e8que scolaire, vous pouvez vous adresser au personnel de notre guichet unique (\u00e9quipe technique au secteur biblio) qui vous dirigera au besoin vers les biblioth\u00e9caires.<\/p>\n\n\n\n<ul class=\"wp-block-list\">\n<li>T\u00e9l\u00e9phone:&nbsp;<strong>514 596-6000, poste 7027<\/strong><\/li>\n\n\n\n<li class=\"has-link-color wp-elements-62905566e4fdaef777165435414bb6f5\">Courriel:&nbsp;<em><a href=\"mailto:secteur.biblio@cssdm.gouv.qc.ca\">secteur.biblio@cssdm.gouv.qc.ca<\/a><\/em><\/li>\n\n\n\n<li>Courrier interne : 413-500<\/li>\n<\/ul>\n<\/div>\n<\/div>\n\n\n\n<div class=\"wp-block-columns alignwide is-layout-flex wp-container-core-columns-is-layout-3 wp-block-columns-is-layout-flex\">\n<div class=\"wp-block-column is-layout-flow wp-block-column-is-layout-flow\">\n<h2 class=\"wp-block-heading has-medium-font-size\"><strong>Dossiers des biblioth\u00e9caires :<\/strong><\/h2>\n\n\n\n<h3 class=\"wp-block-heading has-medium-font-size\"><strong>Soutien aux \u00e9coles primaires et secondaires pour une bonne organisation de la biblioth\u00e8que scolaire<\/strong><\/h3>\n\n\n\n<p><em>Dominique Malchelosse (poste 6253) et Radia Cheriaf pour le primaire; Karl Mauboussin et<\/em> <em>\u00c9lise Ste-Marie pour le secondaire<\/em><\/p>\n\n\n\n<p style=\"line-height:1.8\">Les biblioth\u00e9caires responsables de ce dossier offrent des formations, des outils et du soutien destin\u00e9s aux \u00e9quipes-\u00e9coles, aux b\u00e9n\u00e9voles, aux techniciens en documentation, aux techniciens des services de garde, concernant l\u2019organisation, le fonctionnement et l\u2019utilisation de la biblioth\u00e8que scolaire. L\u2019objectif \u00e9tant une utilisation optimale de la biblioth\u00e8que scolaire par une collaboration entre tous les intervenants.<\/p>\n<\/div>\n<\/div>\n\n\n\n<div style=\"height:30px\" aria-hidden=\"true\" class=\"wp-block-spacer\"><\/div>\n\n\n\n<div class=\"wp-block-columns alignwide is-layout-flex wp-container-core-columns-is-layout-4 wp-block-columns-is-layout-flex\">\n<div class=\"wp-block-column is-layout-flow wp-block-column-is-layout-flow\">\n<h2 class=\"wp-block-heading has-medium-font-size\"><strong>D\u00e9veloppement de projets culturels en biblioth\u00e8que<\/strong><\/h2>\n\n\n\n<p><em>Brigitte Boiteau (poste 6178) et Radia Cheriaf<\/em><\/p>\n\n\n\n<p style=\"line-height:1.8\">L&rsquo;\u00e9quipe offre aux \u00e9coles diff\u00e9rentes exp\u00e9riences culturelles et litt\u00e9raires visant \u00e0 faire vivre et \u00e0 diversifier l\u2019exploitation de la biblioth\u00e8que scolaire. La lecture et le plaisir de lire r\u00e9sident au c\u0153ur de nos interventions afin de permettre aux jeunes de devenir des lecteurs pour la vie, tout en enrichissant leurs rep\u00e8res culturels.<\/p>\n\n\n\n<h3 class=\"wp-block-heading has-medium-font-size\"><strong>Mise en valeur et d\u00e9veloppement des collections<\/strong> <strong>au primaire<\/strong><\/h3>\n\n\n\n<p style=\"line-height:1.8\"><em>Ariane Bertouille, Lourdine Altidor-Marsan (poste 4017),&nbsp;Guillaume S. Thibodeau<\/em>, Damien Thornton<\/p>\n\n\n\n<p style=\"line-height:1.8\">Les biblioth\u00e9caires responsables de ce dossier vous offrent leurs services pour s\u00e9lectionner et acqu\u00e9rir des&nbsp;ressources documentaires et litt\u00e9raires vari\u00e9es et pertinentes, ainsi qu\u2019\u00e0 maintenir la coh\u00e9rence et la qualit\u00e9 des collections des biblioth\u00e8ques scolaires.&nbsp; Ils proc\u00e8dent \u00e0 des inventaires, des \u00e9lagages et proposent des outils de promotion et de valorisation des collections des \u00e9coles du CSSDM par l\u2019entremise de bibliographies th\u00e9matiques, de chroniques litt\u00e9raires, de suggestions de livres.<\/p>\n\n\n\n<h3 class=\"wp-block-heading has-medium-font-size\"><strong>En route vers les carrefours d\u2019apprentissage !<\/strong><\/h3>\n\n\n\n<p style=\"line-height:1.8\">\u00c9quipe CA<br>Lourdine Altidor-Marsan &#8211; section am\u00e9nagement<br>Dominique Malchelosse &#8211; section organisation<br>Guillaume S. Thibodeau &#8211; section p\u00e9dagogique<\/p>\n\n\n\n<p style=\"line-height:1.8\">L\u2019\u00e9quipe CA se donne le mandat d\u2019accompagner les \u00e9coles du primaire et du secondaire \u00e0 la mise en \u0153uvre de carrefours d\u2019apprentissage. En collaboration avec les SRM, les biblioth\u00e9caires proposent un plan d&rsquo;architecture, un plan d&rsquo;action et un plan budg\u00e9taire adapt\u00e9 \u00e0 chacune des r\u00e9alit\u00e9s. Le plan d&rsquo;action implique g\u00e9n\u00e9ralement quelques changements de pratique au niveau de l&rsquo;utilisation de la biblioth\u00e8que. Le carrefour d&rsquo;apprentissage est bien plus qu&rsquo;une salle de lecture. Les \u00e9l\u00e8ves viennent y consolider leurs comp\u00e9tences et r\u00e9aliser des projets p\u00e9dagogiques et \u00e9ducatifs de toutes sortes.<\/p>\n\n\n\n<p class=\"has-link-color wp-elements-e4875f1f026b70e662d3f72c6de9eae9\">Pour plus de d\u00e9tails, visitez l\u2019espace&nbsp;<a href=\"https:\/\/cybersavoir4.cssdm.gouv.qc.ca\/bibliotheque\/carrefour-dapprentissage\/\">Carrefours d\u2019apprentissage<\/a><\/p>\n\n\n\n<h3 class=\"wp-block-heading has-medium-font-size\"><strong>Formations, p\u00e9dagogie et num\u00e9rique<\/strong><\/h3>\n\n\n\n<p>Guillaume S. Thibodeau &#8211; Primaire<\/p>\n\n\n\n<p>\u00c9lise Ste-Marie &#8211; Secondaire<\/p>\n\n\n\n<p style=\"line-height:1.8\">Biblioth\u00e9caire responsable des formations et de la m\u00e9diation num\u00e9rique du service des biblioth\u00e8ques du CSSDM. Soutient l\u2019int\u00e9gration de la comp\u00e9tence num\u00e9rique des \u00e9l\u00e8ves et des professionnels, collabore au d\u00e9veloppement des dossiers institutionnels et offre des formations visant le d\u00e9veloppement de la culture informationnelle et le num\u00e9rique en lecture.<br>Responsable de la cr\u00e9ation du contenu et de l\u2019application des strat\u00e9gies de diffusion sur les m\u00e9dias sociaux du service des biblioth\u00e8ques.<\/p>\n<\/div>\n<\/div>\n\n\n\n<p><\/p>\n","protected":false},"excerpt":{"rendered":"<p>Le secteur des biblioth\u00e8ques Le secteur des biblioth\u00e8ques fait partie du bureau des Services \u00e9ducatifs. L&rsquo;\u00e9quipe est compos\u00e9e de 10 biblioth\u00e9caires, de 6 technicien(ne)s en documentation, de 2 magasiniers et d&rsquo;un agent de d\u00e9veloppement culturel. CoordonnatriceIsabelle Grenier Biblioth\u00e9cairesLourdine Altidor-Marsan, Ariane Bertouille, Brigitte Boiteau, Radia Cheriaf, Dominique Malchelosse, Karl Mauboussin, Guillaume S. Thibodeau, \u00c9lise Ste-Marie, Damien [&hellip;]<\/p>\n","protected":false},"author":0,"featured_media":1,"parent":0,"menu_order":0,"comment_status":"closed","ping_status":"closed","template":"","meta":{"footnotes":""},"class_list":["post-141","page","type-page","status-publish","has-post-thumbnail","hentry"],"_links":{"self":[{"href":"https:\/\/cybersavoir4.cssdm.gouv.qc.ca\/bibliotheque\/wp-json\/wp\/v2\/pages\/141","targetHints":{"allow":["GET"]}}],"collection":[{"href":"https:\/\/cybersavoir4.cssdm.gouv.qc.ca\/bibliotheque\/wp-json\/wp\/v2\/pages"}],"about":[{"href":"https:\/\/cybersavoir4.cssdm.gouv.qc.ca\/bibliotheque\/wp-json\/wp\/v2\/types\/page"}],"replies":[{"embeddable":true,"href":"https:\/\/cybersavoir4.cssdm.gouv.qc.ca\/bibliotheque\/wp-json\/wp\/v2\/comments?post=141"}],"version-history":[{"count":16,"href":"https:\/\/cybersavoir4.cssdm.gouv.qc.ca\/bibliotheque\/wp-json\/wp\/v2\/pages\/141\/revisions"}],"predecessor-version":[{"id":13321,"href":"https:\/\/cybersavoir4.cssdm.gouv.qc.ca\/bibliotheque\/wp-json\/wp\/v2\/pages\/141\/revisions\/13321"}],"wp:featuredmedia":[{"embeddable":true,"href":"https:\/\/cybersavoir4.cssdm.gouv.qc.ca\/bibliotheque\/wp-json\/"}],"wp:attachment":[{"href":"https:\/\/cybersavoir4.cssdm.gouv.qc.ca\/bibliotheque\/wp-json\/wp\/v2\/media?parent=141"}],"curies":[{"name":"wp","href":"https:\/\/api.w.org\/{rel}","templated":true}]}}