{"id":11529,"date":"2024-09-30T12:10:46","date_gmt":"2024-09-30T16:10:46","guid":{"rendered":"https:\/\/cybersavoir4.cssdm.gouv.qc.ca\/bibliotheque\/?page_id=11529"},"modified":"2025-12-11T14:55:10","modified_gmt":"2025-12-11T19:55:10","slug":"culture-informationnelle","status":"publish","type":"page","link":"https:\/\/cybersavoir4.cssdm.gouv.qc.ca\/bibliotheque\/culture-informationnelle\/","title":{"rendered":"Culture Informationnelle"},"content":{"rendered":"\n<h2 class=\"wp-block-heading alignwide has-large-font-size\"><strong>La culture informationnelle<\/strong><\/h2>\n\n\n\n<div class=\"wp-block-columns alignwide is-layout-flex wp-container-core-columns-is-layout-1 wp-block-columns-is-layout-flex\">\n<div class=\"wp-block-column is-layout-flow wp-block-column-is-layout-flow\" style=\"flex-basis:100%\">\n<p><span class=\"OYPEnA font-feature-liga-off font-feature-clig-off font-feature-calt-off text-decoration-none text-strikethrough-none\">C&rsquo;est l&rsquo;ensemble des connaissances, des comp\u00e9tences informationnelles et des pratiques culturelles reli\u00e9es \u00e0 la manipulation de l\u2019information. Elle int\u00e8gre la r\u00e9flexion critique concernant l\u2019information et ses usages, ainsi que les technologies et les institutions que soutiennent ces activit\u00e9s.<\/span><\/p>\n<\/div>\n<\/div>\n\n\n\n<h2 class=\"wp-block-heading alignwide has-large-font-size\"><strong>Cultiver la culture informationnelle des \u00e9l\u00e8ves leur permettra de :<\/strong><\/h2>\n\n\n\n<div class=\"wp-block-columns alignwide is-layout-flex wp-container-core-columns-is-layout-2 wp-block-columns-is-layout-flex\">\n<div class=\"wp-block-column is-layout-flow wp-block-column-is-layout-flow\" style=\"flex-basis:100%\">\n<ul class=\"wp-block-list\">\n<li>comprendre comment l&rsquo;information se pr\u00e9sente \u00e0 eux et comment ils la consomment<\/li>\n\n\n\n<li>enrichir ses habilet\u00e9s pratiques pour produire, utiliser, \u00e9valuer et partager des informations de mani\u00e8re efficace.<\/li>\n\n\n\n<li>analyser les croyances et les normes qui guident ses choix en ligne<\/li>\n\n\n\n<li>d\u00e9velopper la r\u00e9flexion critique et se construire en tant que citoyens \u00e9thiques \u00e0 l\u2019\u00e8re du num\u00e9rique !<\/li>\n<\/ul>\n<\/div>\n<\/div>\n\n\n\n<h3 class=\"wp-block-heading alignwide has-large-font-size\"><strong>Un site Web et des ateliers sur la culture Informationnelle !<\/strong><\/h3>\n\n\n\n<div class=\"wp-block-columns alignwide is-layout-flex wp-container-core-columns-is-layout-3 wp-block-columns-is-layout-flex\">\n<div class=\"wp-block-column is-layout-flow wp-block-column-is-layout-flow\" style=\"flex-basis:100%\">\n<p class=\"has-link-color wp-elements-dd8bcc47620c085880e0ccc1512ef813\">Pour aider les \u00e9l\u00e8ves \u00e0 d\u00e9velopper leur culture informationnelle, les biblioth\u00e9caires du CSSDM ont cr\u00e9\u00e9 cinq volets de formations virtuelles et m\u00eame un site Web pour eux : <a href=\"https:\/\/communauteweb.cssdm.gouv.qc.ca\/cultureinfo\/\" target=\"_blank\" rel=\"noopener\">CultureInfo<\/a><\/p>\n<\/div>\n<\/div>\n\n\n\n<div class=\"wp-block-columns alignwide is-layout-flex wp-container-core-columns-is-layout-4 wp-block-columns-is-layout-flex\">\n<div class=\"wp-block-column is-layout-flow wp-block-column-is-layout-flow\" style=\"flex-basis:100%\">\n<p><span class=\"OYPEnA font-feature-liga-off font-feature-clig-off font-feature-calt-off text-decoration-none text-strikethrough-none\">Les enseignant.es peuvent choisir un ou plusieurs ateliers :<\/span><\/p>\n<\/div>\n<\/div>\n\n\n\n<div class=\"wp-block-columns alignwide is-layout-flex wp-container-core-columns-is-layout-5 wp-block-columns-is-layout-flex\">\n<div class=\"wp-block-column is-layout-flow wp-block-column-is-layout-flow\" style=\"flex-basis:100%\">\n<ul class=\"wp-block-list\">\n<li><strong><span class=\"OYPEnA font-feature-liga-off font-feature-clig-off font-feature-calt-off text-decoration-none text-strikethrough-none\">G\u00e8re ta recherche d&rsquo;information<\/span><\/strong><\/li>\n\n\n\n<li><strong>Droits d\u2019auteur et \u00e9thique<\/strong><\/li>\n\n\n\n<li><strong>Vie priv\u00e9e et identit\u00e9 num\u00e9rique<\/strong><\/li>\n\n\n\n<li><strong>Reste r\u00e9glo sur le m\u00e9dias sociaux<\/strong><\/li>\n\n\n\n<li><strong>D\u00e9sinformation : d\u00e9tecte les infos louches !<\/strong><\/li>\n<\/ul>\n<\/div>\n<\/div>\n\n\n\n<div class=\"wp-block-columns alignwide is-layout-flex wp-container-core-columns-is-layout-6 wp-block-columns-is-layout-flex\">\n<div class=\"wp-block-column is-layout-flow wp-block-column-is-layout-flow\" style=\"flex-basis:100%\">\n<p>Avec le site Web et les ateliers, les jeunes et leurs accompagnateurs ont d\u00e8s maintenant acc\u00e8s \u00e0 des autoformations, des outils, des vid\u00e9os, des suggestions de lecture, des quiz amusants, des articles et des ressources s\u00e9lectionn\u00e9es pour les jeunes, leurs familles et leurs enseignant.es. Sans oublier les r\u00e9ponses \u00e0 de nombreuses questions au sujet de la manipulation de l\u2019information.<\/p>\n<\/div>\n<\/div>\n\n\n\n<h3 class=\"wp-block-heading alignwide has-large-font-size\"><strong>Quels sont les liens p\u00e9dagogiques ?<\/strong><\/h3>\n\n\n\n<div class=\"wp-block-columns alignwide is-layout-flex wp-container-core-columns-is-layout-7 wp-block-columns-is-layout-flex\">\n<div class=\"wp-block-column is-layout-flow wp-block-column-is-layout-flow\" style=\"flex-basis:100%\">\n<p>Les divers aspects de la culture informationnelle sont int\u00e9gr\u00e9s dans plusieurs \u00e9l\u00e9ments du <em><strong>Programme de formation de l\u2019\u00e9cole qu\u00e9b\u00e9coise (PF\u00c9Q)<\/strong><\/em>. \u00c9galement, vous pouvez&nbsp;travailler le th\u00e8me <em><strong>M\u00e9dias et vie num\u00e9rique du programme CCQ<\/strong><\/em> ainsi que plusieurs dimensions de la <em><strong>comp\u00e9tence num\u00e9rique<\/strong> <\/em>:<\/p>\n<\/div>\n<\/div>\n\n\n\n<div class=\"wp-block-columns alignwide is-layout-flex wp-container-core-columns-is-layout-8 wp-block-columns-is-layout-flex\">\n<div class=\"wp-block-column is-layout-flow wp-block-column-is-layout-flow\" style=\"flex-basis:100%\">\n<p>Dimension 1 : Agir en citoyen \u00e9thique \u00e0 l\u2019\u00e8re du num\u00e9rique<br>\nDimension 4 : D\u00e9velopper et mobiliser la culture informationnelle<br>\nDimension 7 : Produire du contenu avec le num\u00e9rique<br>\nDimension 11 : D\u00e9velopper sa pens\u00e9e critique envers le num\u00e9rique<\/p>\n<\/div>\n<\/div>\n\n\n\n<div class=\"wp-block-columns alignwide is-layout-flex wp-container-core-columns-is-layout-9 wp-block-columns-is-layout-flex\">\n<div class=\"wp-block-column is-layout-flow wp-block-column-is-layout-flow\" style=\"flex-basis:100%\">\n<p>Le carrefour d\u2019apprentissage, en tant que lieu de recherche, joue un r\u00f4le cl\u00e9 dans le d\u00e9veloppement de la culture informationnelle des \u00e9l\u00e8ves !<\/p>\n<\/div>\n<\/div>\n\n\n\n<div class=\"wp-block-columns alignwide is-layout-flex wp-container-core-columns-is-layout-10 wp-block-columns-is-layout-flex\">\n<div class=\"wp-block-column is-layout-flow wp-block-column-is-layout-flow\" style=\"flex-basis:100%\">\n<p class=\"has-medium-font-size\"><span style=\"font-size: 14pt\"><strong>Vous souhaitez inscrire votre classe \u00e0 un ou plusieurs ateliers en culture informationnelle ?<\/strong><\/span> <strong>Contactez-nous<\/strong>!<\/p>\n\n\n\n<p class=\"has-medium-font-size\"><strong>Guillaume S. Thibodeau<\/strong> | Primaire<\/p>\n\n\n\n<p class=\"has-medium-font-size\"><strong>\u00c9lise Ste-Marie<\/strong> | Secondaire<\/p>\n<\/div>\n<\/div>\n\n\n\n<p><\/p>\n","protected":false},"excerpt":{"rendered":"<p>La culture informationnelle C&rsquo;est l&rsquo;ensemble des connaissances, des comp\u00e9tences informationnelles et des pratiques culturelles reli\u00e9es \u00e0 la manipulation de l\u2019information. Elle int\u00e8gre la r\u00e9flexion critique concernant l\u2019information et ses usages, ainsi que les technologies et les institutions que soutiennent ces activit\u00e9s. Cultiver la culture informationnelle des \u00e9l\u00e8ves leur permettra de : Un site Web et [&hellip;]<\/p>\n","protected":false},"author":0,"featured_media":1,"parent":0,"menu_order":0,"comment_status":"closed","ping_status":"closed","template":"","meta":{"footnotes":""},"class_list":["post-11529","page","type-page","status-publish","has-post-thumbnail","hentry"],"_links":{"self":[{"href":"https:\/\/cybersavoir4.cssdm.gouv.qc.ca\/bibliotheque\/wp-json\/wp\/v2\/pages\/11529","targetHints":{"allow":["GET"]}}],"collection":[{"href":"https:\/\/cybersavoir4.cssdm.gouv.qc.ca\/bibliotheque\/wp-json\/wp\/v2\/pages"}],"about":[{"href":"https:\/\/cybersavoir4.cssdm.gouv.qc.ca\/bibliotheque\/wp-json\/wp\/v2\/types\/page"}],"replies":[{"embeddable":true,"href":"https:\/\/cybersavoir4.cssdm.gouv.qc.ca\/bibliotheque\/wp-json\/wp\/v2\/comments?post=11529"}],"version-history":[{"count":6,"href":"https:\/\/cybersavoir4.cssdm.gouv.qc.ca\/bibliotheque\/wp-json\/wp\/v2\/pages\/11529\/revisions"}],"predecessor-version":[{"id":13323,"href":"https:\/\/cybersavoir4.cssdm.gouv.qc.ca\/bibliotheque\/wp-json\/wp\/v2\/pages\/11529\/revisions\/13323"}],"wp:featuredmedia":[{"embeddable":true,"href":"https:\/\/cybersavoir4.cssdm.gouv.qc.ca\/bibliotheque\/wp-json\/"}],"wp:attachment":[{"href":"https:\/\/cybersavoir4.cssdm.gouv.qc.ca\/bibliotheque\/wp-json\/wp\/v2\/media?parent=11529"}],"curies":[{"name":"wp","href":"https:\/\/api.w.org\/{rel}","templated":true}]}}