{"id":11525,"date":"2024-09-30T11:24:14","date_gmt":"2024-09-30T15:24:14","guid":{"rendered":"https:\/\/cybersavoir4.cssdm.gouv.qc.ca\/bibliotheque\/?page_id=11525"},"modified":"2025-03-21T13:14:48","modified_gmt":"2025-03-21T12:14:48","slug":"activites","status":"publish","type":"page","link":"https:\/\/cybersavoir4.cssdm.gouv.qc.ca\/bibliotheque\/activites\/","title":{"rendered":"Activit\u00e9s"},"content":{"rendered":"\n<h2 class=\"wp-block-heading alignwide has-medium-font-size\"><strong>D\u00e9couvrez nos activit\u00e9s litt\u00e9raires<\/strong><\/h2>\n\n\n\n<div class=\"wp-block-columns alignwide is-layout-flex wp-container-core-columns-is-layout-1 wp-block-columns-is-layout-flex\">\n<div class=\"wp-block-column is-layout-flow wp-block-column-is-layout-flow\" style=\"flex-basis:100%\">\n<p>Bienvenue sur la page d\u00e9di\u00e9e aux activit\u00e9s litt\u00e9raires de notre biblioth\u00e8que ! Ici, nous c\u00e9l\u00e9brons la passion de la lecture et l\u2019\u00e9change autour des mots \u00e0 travers une multitude de projets anim\u00e9s par nos biblioth\u00e9caires.<\/p>\n<\/div>\n<\/div>\n\n\n\n<div class=\"wp-block-columns alignwide is-layout-flex wp-container-core-columns-is-layout-2 wp-block-columns-is-layout-flex\">\n<div class=\"wp-block-column is-layout-flow wp-block-column-is-layout-flow\" style=\"flex-basis:100%\">\n<p class=\"has-link-color wp-elements-6023d783c13832f8ddf23e171a16670d\"><strong>Aussi ! Restez Connect\u00e9s&nbsp;<\/strong>Pour ne rien manquer de nos \u00e9v\u00e9nements \u00e0 venir, consultez notre<a href=\"https:\/\/csdma.sharepoint.com\/sites\/BibliothecairesCSSDM\"> SharePoint Actualit\u00e9s des biblioth\u00e8ques<\/a>&nbsp; et abonnez vous \u00e0 notre blog !<br>\nSuivez-nous \u00e9galement sur les r\u00e9seaux sociaux pour des mises \u00e0 jour r\u00e9guli\u00e8res !<\/p>\n<\/div>\n<\/div>\n\n\n\n<div class=\"wp-block-columns alignwide is-layout-flex wp-container-core-columns-is-layout-3 wp-block-columns-is-layout-flex\">\n<div class=\"wp-block-column is-layout-flow wp-block-column-is-layout-flow\" style=\"flex-basis:100%\">\n<p>Nous vous invitons \u00e0 explorer, \u00e9changer et vous \u00e9panouir au sein de notre communaut\u00e9 litt\u00e9raire !<\/p>\n<\/div>\n<\/div>\n\n\n\n<h3 class=\"wp-block-heading alignwide has-medium-font-size\"><strong>Primaire<\/strong><\/h3>\n\n\n\n<h4 class=\"wp-block-heading alignwide has-small-font-size\"><strong>Club litt\u00e9raire \u00ab La lecture\u2026une bouch\u00e9e de plaisir! \u00bb<\/strong><\/h4>\n\n\n\n<div class=\"wp-block-columns alignwide is-layout-flex wp-container-core-columns-is-layout-4 wp-block-columns-is-layout-flex\">\n<div class=\"wp-block-column is-layout-flow wp-block-column-is-layout-flow\" style=\"flex-basis:100%\">\n<p class=\"has-link-color wp-elements-45448cdf2f22f3c1d248c4c40bf8aa0f\">Avec les CP de fran\u00e7ais et de diverses disciplines. Pour encourager le plaisir de lire \u00e0 tous les cycles, du pr\u00e9scolaire au 3e cycle du primaire, en incluant les \u00e9l\u00e8ves des classes d\u2019accueil et r\u00e9guli\u00e8res, tout en faisant d\u00e9couvrir des \u0153uvres litt\u00e9raires vari\u00e9es, de qualit\u00e9, adapt\u00e9es au public cible, et accompagn\u00e9es de pistes p\u00e9dagogiques et de prolongement.<br> Pour en savoir plus, <a href=\"https:\/\/cybersavoir4.cssdm.gouv.qc.ca\/bibliotheque\/club-litteraire\/\" data-type=\"page\" data-id=\"10511\">cliquez ici&nbsp;&nbsp;<\/a><\/p>\n<\/div>\n<\/div>\n\n\n\n<h4 class=\"wp-block-heading alignwide has-small-font-size\"><strong>Grand jeu de lecture \u00e0 voix haute du Salon du livre de Montr\u00e9al<\/strong><\/h4>\n\n\n\n<div class=\"wp-block-columns alignwide is-layout-flex wp-container-core-columns-is-layout-5 wp-block-columns-is-layout-flex\">\n<div class=\"wp-block-column is-layout-flow wp-block-column-is-layout-flow\" style=\"flex-basis:100%\">\n<p class=\"has-link-color wp-elements-313572f3ab4ed3c43333885d254bab1c\">Avec le Salon du livre de Montr\u00e9al, Lis avec moi, l\u2019ADELF, auteurs et illustrateurs qu\u00e9b\u00e9cois): Pour encourager la lecture \u00e0 voix haute aupr\u00e8s des jeunes de 5e et 6e ann\u00e9e, valoriser l\u2019expression orale et faire d\u00e9couvrir la richesse des textes litt\u00e9raires.<br>\nPour en savoir plus, <a href=\"https:\/\/www.salondulivredemontreal.com\/projets\/2024-le-grand-jeu-de-lecture-a-voix-haute-du-salon-du-livre-de-montreal#:~:text=La%20grande%20finale%20du%20Grand,de%20fiction%20de%20leur%20choix.\">cliquez ici<\/a><\/p>\n<\/div>\n<\/div>\n\n\n\n<h4 class=\"wp-block-heading alignwide has-small-font-size\"><strong>Journ\u00e9e p\u00e9dagogique institutionnelle des SDG<\/strong><\/h4>\n\n\n\n<div class=\"wp-block-columns alignwide is-layout-flex wp-container-core-columns-is-layout-6 wp-block-columns-is-layout-flex\">\n<div class=\"wp-block-column is-layout-flow wp-block-column-is-layout-flow\" style=\"flex-basis:100%\">\n<p>Avec les CP de disciplines diverses. Pour offrir \u00e0 tous les services de garde des activit\u00e9s \u00e9ducatives, ludiques et enrichissantes pour favoriser le d\u00e9veloppement global des enfants.<\/p>\n<\/div>\n<\/div>\n\n\n\n<h4 class=\"wp-block-heading alignwide has-small-font-size\"><strong>La lecture en cadeau<\/strong><\/h4>\n\n\n\n<div class=\"wp-block-columns alignwide is-layout-flex wp-container-core-columns-is-layout-7 wp-block-columns-is-layout-flex\">\n<div class=\"wp-block-column is-layout-flow wp-block-column-is-layout-flow\" style=\"flex-basis:100%\">\n<p class=\"has-link-color wp-elements-a597b591b6267a6f0801f94651356580\">Avec la Fondation pour l\u2019alphab\u00e9tisation. Pour offrir des livres \u00e0 des enfants d\u00e9favoris\u00e9s pour encourager la lecture et pr\u00e9venir l&rsquo;analphab\u00e9tisme.<br>\nPour en savoir plus, <a href=\"https:\/\/fondationalphabetisation.org\/nos-initiatives\/la-lecture-en-cadeau\/\">cliquez ici<\/a><\/p>\n<\/div>\n<\/div>\n\n\n\n<h4 class=\"wp-block-heading alignwide has-small-font-size\"><strong>Semaine du fran\u00e7ais<\/strong><\/h4>\n\n\n\n<div class=\"wp-block-columns alignwide is-layout-flex wp-container-core-columns-is-layout-8 wp-block-columns-is-layout-flex\">\n<div class=\"wp-block-column is-layout-flow wp-block-column-is-layout-flow\" style=\"flex-basis:100%\">\n<p>Avec les CP de fran\u00e7ais. Pour c\u00e9l\u00e9brer et promouvoir l&rsquo;usage de la langue fran\u00e7aise, de sensibiliser les \u00e9l\u00e8ves \u00e0 son importance culturelle et linguistique, et d&rsquo;encourager la pratique et l&rsquo;appr\u00e9ciation de la langue \u00e0 travers des activit\u00e9s vari\u00e9es et enrichissantes.<\/p>\n<\/div>\n<\/div>\n\n\n\n<h4 class=\"wp-block-heading alignwide has-small-font-size\"><strong>Un livre \u00e0 moi<\/strong><\/h4>\n\n\n\n<div class=\"wp-block-columns alignwide is-layout-flex wp-container-core-columns-is-layout-9 wp-block-columns-is-layout-flex\">\n<div class=\"wp-block-column is-layout-flow wp-block-column-is-layout-flow\" style=\"flex-basis:100%\">\n<p class=\"has-link-color wp-elements-9ad81b2db553be0204bd87867e334085\">Avec le Centre du livre jeunesse canadien. Pour favoriser l\u2019acc\u00e8s \u00e0 la lecture en offrant un livre neuf canadien \u00e0 tous les enfants de 1\u00e8re ann\u00e9e du primaire.<br>\nPour en savoir plus, <a href=\"https:\/\/bookcentre.ca\/un-livre-a-moi-td\">cliquez ici<\/a><\/p>\n<\/div>\n<\/div>\n\n\n\n<h3 class=\"wp-block-heading alignwide has-medium-font-size\"><strong>Secondaire<\/strong><\/h3>\n\n\n\n<h4 class=\"wp-block-heading alignwide has-small-font-size\"><strong>\u00c0 go, on lit!<\/strong><\/h4>\n\n\n\n<div class=\"wp-block-columns alignwide is-layout-flex wp-container-core-columns-is-layout-10 wp-block-columns-is-layout-flex\">\n<div class=\"wp-block-column is-layout-flow wp-block-column-is-layout-flow\" style=\"flex-basis:100%\">\n<p class=\"has-link-color wp-elements-717f2cec6e12c120913e20a16f3a983f\">Avec R\u00e9seau R\u00e9ussite Montr\u00e9al: Pour favoriser le go\u00fbt de lire chez les adolescents et les jeunes adultes et accro\u00eetre leur int\u00e9r\u00eat pour l\u2019utilisation de la biblioth\u00e8que scolaire et de ses ressources. Pour en savoir plus, <a href=\"https:\/\/www.agol.ca\/\">cliquez ici<\/a><\/p>\n<\/div>\n<\/div>\n\n\n\n<h4 class=\"wp-block-heading alignwide has-small-font-size\"><strong>Club litt\u00e9raire pour le secondaire<\/strong><\/h4>\n\n\n\n<div class=\"wp-block-columns alignwide is-layout-flex wp-container-core-columns-is-layout-11 wp-block-columns-is-layout-flex\">\n<div class=\"wp-block-column is-layout-flow wp-block-column-is-layout-flow\" style=\"flex-basis:100%\">\n<p>Avec les biblioth\u00e8ques de la Ville de Montr\u00e9al. Pour encourager le plaisir de lire \u00e0 tous les cycles du secondaire, que l\u2019on soit lecteur exp\u00e9riment\u00e9 ou d\u00e9butant, tout en proposant une s\u00e9lection vari\u00e9e de livres adapt\u00e9s aux diff\u00e9rents int\u00e9r\u00eats, enrichie par des activit\u00e9s de cr\u00e9ation litt\u00e9raire et artistique.<\/p>\n<\/div>\n<\/div>\n\n\n\n<h3 class=\"wp-block-heading alignwide has-medium-font-size\"><strong>Primaire et secondaire<\/strong><\/h3>\n\n\n\n<h4 class=\"wp-block-heading alignwide has-small-font-size\"><strong>Journ\u00e9e nationale des biblioth\u00e8ques scolaires<\/strong><\/h4>\n\n\n\n<div class=\"wp-block-columns alignwide is-layout-flex wp-container-core-columns-is-layout-12 wp-block-columns-is-layout-flex\">\n<div class=\"wp-block-column is-layout-flow wp-block-column-is-layout-flow\" style=\"flex-basis:100%\">\n<p>Pour promouvoir le r\u00f4le essentiel des biblioth\u00e8ques scolaires dans le d\u00e9veloppement des comp\u00e9tences en lecture, l\u2019apprentissage, et la d\u00e9couverte culturelle des \u00e9l\u00e8ves.<\/p>\n<\/div>\n<\/div>\n\n\n\n<h4 class=\"wp-block-heading alignwide has-small-font-size\"><strong>Journ\u00e9e mondiale du live et du droit d\u2019auteur.<\/strong><\/h4>\n\n\n\n<div class=\"wp-block-columns alignwide is-layout-flex wp-container-core-columns-is-layout-13 wp-block-columns-is-layout-flex\">\n<div class=\"wp-block-column is-layout-flow wp-block-column-is-layout-flow\" style=\"flex-basis:100%\">\n<p>Pour c\u00e9l\u00e9brer les livres et la lecture tout en sensibilisant \u00e0 l&rsquo;importance du droit d&rsquo;auteur pour prot\u00e9ger la cr\u00e9ativit\u00e9 et la diversit\u00e9 culturelle.<\/p>\n<\/div>\n<\/div>\n\n\n\n<h4 class=\"wp-block-heading alignwide has-small-font-size\"><strong>Journ\u00e9e p\u00e9dagogique institutionnelle des SDG<\/strong><\/h4>\n\n\n\n<div class=\"wp-block-columns alignwide is-layout-flex wp-container-core-columns-is-layout-14 wp-block-columns-is-layout-flex\">\n<div class=\"wp-block-column is-layout-flow wp-block-column-is-layout-flow\" style=\"flex-basis:100%\">\n<p>Avec les CP de disciplines diverses. Pour offrir \u00e0 tous les services de garde des activit\u00e9s \u00e9ducatives, ludiques et enrichissantes pour favoriser le d\u00e9veloppement global des enfants.<\/p>\n<\/div>\n<\/div>\n\n\n\n<h4 class=\"wp-block-heading alignwide has-small-font-size\"><strong>D\u00e9fi Latulu<\/strong><\/h4>\n\n\n\n<div class=\"wp-block-columns alignwide is-layout-flex wp-container-core-columns-is-layout-15 wp-block-columns-is-layout-flex\">\n<div class=\"wp-block-column is-layout-flow wp-block-column-is-layout-flow\" style=\"flex-basis:100%\">\n<p>TCBSP et RRM. Pour d\u00e9couvrir des jeux et des id\u00e9es de lecture pour favoriser le plaisir de lire chez les 0-17 ans.<\/p>\n<\/div>\n<\/div>\n\n\n\n<p>&nbsp;<\/p>\n\n\n\n<div class=\"wp-block-columns alignwide is-layout-flex wp-container-core-columns-is-layout-16 wp-block-columns-is-layout-flex\">\n<div class=\"wp-block-column is-layout-flow wp-block-column-is-layout-flow\" style=\"flex-basis:100%\">\n<p class=\"has-link-color has-small-font-size wp-elements-e70b1e4a666b05d5796ec70d183a8115\"><strong>Contactez les biblioth\u00e9caires responsables !<br><\/strong> <strong><a href=\"mailto:boiteau.b@csdm.qc.ca\">Brigitte Boiteau<\/a> et <a href=\"mailto:cheriaf.r@csdm.qc.ca\">Radia Cheriaf<\/a><\/strong><\/p>\n<\/div>\n<\/div>\n\n\n\n<p>&nbsp;<\/p>\n\n\n\n<p>&nbsp;<\/p>\n\n\n\n<div class=\"wp-block-columns alignwide is-layout-flex wp-container-core-columns-is-layout-17 wp-block-columns-is-layout-flex\">\n<div class=\"wp-block-column is-layout-flow wp-block-column-is-layout-flow\" style=\"flex-basis:100%\">\n<p class=\"has-link-color wp-elements-af1efd8a7ccd0d5c37cd75a0d58fc1bf\">Pour ne rien manquer de nos \u00e9v\u00e9nements \u00e0 venir, consultez notre<a href=\"https:\/\/csdma.sharepoint.com\/sites\/BibliothecairesCSSDM\" target=\"_blank\" rel=\"noopener\"> SharePoint Actualit\u00e9s des biblioth\u00e8ques<\/a><\/p>\n<\/div>\n<\/div>\n\n\n\n<p><\/p>\n","protected":false},"excerpt":{"rendered":"<p>D\u00e9couvrez nos activit\u00e9s litt\u00e9raires Bienvenue sur la page d\u00e9di\u00e9e aux activit\u00e9s litt\u00e9raires de notre biblioth\u00e8que ! Ici, nous c\u00e9l\u00e9brons la passion de la lecture et l\u2019\u00e9change autour des mots \u00e0 travers une multitude de projets anim\u00e9s par nos biblioth\u00e9caires. Aussi ! Restez Connect\u00e9s&nbsp;Pour ne rien manquer de nos \u00e9v\u00e9nements \u00e0 venir, consultez notre SharePoint Actualit\u00e9s [&hellip;]<\/p>\n","protected":false},"author":0,"featured_media":1,"parent":0,"menu_order":0,"comment_status":"closed","ping_status":"closed","template":"","meta":{"footnotes":""},"class_list":["post-11525","page","type-page","status-publish","has-post-thumbnail","hentry"],"_links":{"self":[{"href":"https:\/\/cybersavoir4.cssdm.gouv.qc.ca\/bibliotheque\/wp-json\/wp\/v2\/pages\/11525","targetHints":{"allow":["GET"]}}],"collection":[{"href":"https:\/\/cybersavoir4.cssdm.gouv.qc.ca\/bibliotheque\/wp-json\/wp\/v2\/pages"}],"about":[{"href":"https:\/\/cybersavoir4.cssdm.gouv.qc.ca\/bibliotheque\/wp-json\/wp\/v2\/types\/page"}],"replies":[{"embeddable":true,"href":"https:\/\/cybersavoir4.cssdm.gouv.qc.ca\/bibliotheque\/wp-json\/wp\/v2\/comments?post=11525"}],"version-history":[{"count":26,"href":"https:\/\/cybersavoir4.cssdm.gouv.qc.ca\/bibliotheque\/wp-json\/wp\/v2\/pages\/11525\/revisions"}],"predecessor-version":[{"id":13311,"href":"https:\/\/cybersavoir4.cssdm.gouv.qc.ca\/bibliotheque\/wp-json\/wp\/v2\/pages\/11525\/revisions\/13311"}],"wp:featuredmedia":[{"embeddable":true,"href":"https:\/\/cybersavoir4.cssdm.gouv.qc.ca\/bibliotheque\/wp-json\/"}],"wp:attachment":[{"href":"https:\/\/cybersavoir4.cssdm.gouv.qc.ca\/bibliotheque\/wp-json\/wp\/v2\/media?parent=11525"}],"curies":[{"name":"wp","href":"https:\/\/api.w.org\/{rel}","templated":true}]}}