{"id":10739,"date":"2022-10-18T14:39:50","date_gmt":"2022-10-18T18:39:50","guid":{"rendered":"https:\/\/cybersavoir4.cssdm.gouv.qc.ca\/bibliotheque\/?page_id=10739"},"modified":"2026-02-16T16:18:16","modified_gmt":"2026-02-16T21:18:16","slug":"acquisitions","status":"publish","type":"page","link":"https:\/\/cybersavoir4.cssdm.gouv.qc.ca\/bibliotheque\/acquisitions\/","title":{"rendered":"Acquisitions"},"content":{"rendered":"\n<div class=\"wp-block-columns alignwide is-layout-flex wp-container-core-columns-is-layout-3 wp-block-columns-is-layout-flex\">\n<div class=\"wp-block-column is-layout-flow wp-block-column-is-layout-flow\" style=\"flex-basis:100%\">\n<div class=\"wp-block-group has-global-padding is-layout-constrained wp-container-core-group-is-layout-1 wp-block-group-is-layout-constrained\">\n<div class=\"wp-block-columns is-layout-flex wp-container-core-columns-is-layout-1 wp-block-columns-is-layout-flex\">\n<div class=\"wp-block-column is-layout-flow wp-block-column-is-layout-flow\" style=\"flex-basis:100%\"><\/div>\n<\/div>\n\n\n\n<div class=\"wp-block-columns alignfull is-layout-flex wp-container-core-columns-is-layout-2 wp-block-columns-is-layout-flex\">\n<div class=\"wp-block-column is-layout-flow wp-block-column-is-layout-flow\">\n<p class=\"is-style-default has-link-color wp-elements-3fe134fa71d09009d19d2c13f4960b6c\">N\u2019h\u00e9sitez pas \u00e0 faire appel aux&nbsp;<a href=\"https:\/\/cybersavoir4.cssdm.gouv.qc.ca\/bibliotheque\/nous-contacter-2\/\" data-type=\"page\" data-id=\"141\" target=\"_blank\" rel=\"noreferrer noopener\">biblioth\u00e9caires<\/a>&nbsp;pour vous soutenir dans le d\u00e9veloppement de la collection de votre biblioth\u00e8que scolaire.<\/p>\n<\/div>\n<\/div>\n<\/div>\n<\/div>\n<\/div>\n\n\n\n<div class=\"wp-block-columns alignwide is-layout-flex wp-container-core-columns-is-layout-4 wp-block-columns-is-layout-flex\">\n<div class=\"wp-block-column is-layout-flow wp-block-column-is-layout-flow\" style=\"flex-basis:100%\">\n<p>Les biblioth\u00e9caires sont des sp\u00e9cialistes en litt\u00e9rature jeunesse et d\u00e9tiennent les comp\u00e9tences n\u00e9cessaires pour d\u00e9velopper les collections&nbsp;dans le respect :<\/p>\n\n\n\n<ul class=\"wp-block-list\">\n<li>des crit\u00e8res de qualit\u00e9 sp\u00e9cifiques propres \u00e0 la biblioth\u00e9conomie;<\/li>\n\n\n\n<li>des normes pour une biblioth\u00e8que scolaire de qualit\u00e9 tel que recommand\u00e9 par la CSLA (Canadian School Library Association)&nbsp;;<\/li>\n\n\n\n<li>du Programme de formation de l\u2019\u00e9cole qu\u00e9b\u00e9coise;<\/li>\n\n\n\n<li class=\"has-link-color wp-elements-67c71351b61f3185c492af00f5f9838d\">de la&nbsp;<a href=\"http:\/\/www.mcc.gouv.qc.ca\/index.php?id=4436\" target=\"_blank\" rel=\"noreferrer noopener\">Loi sur le d\u00e9veloppement des entreprises qu\u00e9b\u00e9coise dans le domaine du livre<\/a>.<\/li>\n<\/ul>\n<\/div>\n<\/div>\n\n\n\n<div class=\"wp-block-columns alignwide is-layout-flex wp-container-core-columns-is-layout-5 wp-block-columns-is-layout-flex\">\n<div class=\"wp-block-column is-layout-flow wp-block-column-is-layout-flow\" style=\"flex-basis:100%\">\n<p>Le d\u00e9veloppement de collection comprendre d\u2019autres t\u00e2ches essentiels<\/p>\n<\/div>\n<\/div>\n\n\n\n<div class=\"wp-block-columns alignwide is-layout-flex wp-container-core-columns-is-layout-6 wp-block-columns-is-layout-flex\">\n<div class=\"wp-block-column is-layout-flow wp-block-column-is-layout-flow\" style=\"flex-basis:100%\">\n<ul class=\"wp-block-list\">\n<li class=\"has-link-color wp-elements-be65eb06a430356adb38230b25f296c8\"><a href=\"https:\/\/cybersavoir4.cssdm.gouv.qc.ca\/bibliotheque\/elagage-inventaire\/\" data-type=\"page\" data-id=\"10543\" target=\"_blank\" rel=\"noreferrer noopener\">\u00c9lagage&nbsp;et Inventaire<\/a><\/li>\n\n\n\n<li>Traitement des documents<\/li>\n<\/ul>\n<\/div>\n<\/div>\n\n\n\n<div class=\"wp-block-columns alignwide is-layout-flex wp-container-core-columns-is-layout-7 wp-block-columns-is-layout-flex\">\n<div class=\"wp-block-column is-layout-flow wp-block-column-is-layout-flow\" style=\"flex-basis:100%\">\n<p>Pour en savoir plus sur les lignes directrices du d\u00e9veloppement de collection \u00e0 la CSDM consultez le document suivant :<\/p>\n<\/div>\n<\/div>\n\n\n\n<div class=\"wp-block-columns alignwide is-layout-flex wp-container-core-columns-is-layout-8 wp-block-columns-is-layout-flex\">\n<div class=\"wp-block-column is-layout-flow wp-block-column-is-layout-flow\" style=\"flex-basis:100%\">\n<p class=\"has-link-color wp-elements-c6ff7d3b7b0484a65eb09638b99ea69d\"><a href=\"https:\/\/cybersavoir4.cssdm.gouv.qc.ca\/bibliotheque\/wp-content\/uploads\/sites\/2\/2017\/11\/Guide-de-developpement-de-la-collection.pdf\" data-type=\"attachment\" data-id=\"4445\" target=\"_blank\" rel=\"noreferrer noopener\">Guide de d\u00e9veloppement de la collection<\/a><\/p>\n<\/div>\n<\/div>\n\n\n\n<div class=\"wp-block-columns alignwide is-layout-flex wp-container-core-columns-is-layout-9 wp-block-columns-is-layout-flex\">\n<div class=\"wp-block-column is-layout-flow wp-block-column-is-layout-flow\" style=\"flex-basis:100%\">\n<p class=\"has-link-color wp-elements-d7c00e6c3d61d37441125a2110812bd2\">Pour bien comprendre les diff\u00e9rentes t\u00e2ches de chacun selon les ressources disponibles et les expertises de chacun, veuillez consulter le document&nbsp;<a href=\"https:\/\/cybersavoir4.cssdm.gouv.qc.ca\/bibliotheque\/wp-content\/uploads\/sites\/2\/2017\/09\/ROLES-DE-CHACUN-DES-INTERVENANTS.pdf\" data-type=\"attachment\" data-id=\"4165\" target=\"_blank\" rel=\"noreferrer noopener\">R\u00f4les de chacun des intervenants&nbsp;<\/a>.<\/p>\n<\/div>\n<\/div>\n\n\n\n<hr class=\"wp-block-separator alignwide has-alpha-channel-opacity\" style=\"margin-bottom:0\" \/>\n\n\n\n<h2 class=\"wp-block-heading alignwide\"><span style=\"font-size: 18pt\"><strong>Comment \u00e7a fonctionne ?<\/strong><\/span><\/h2>\n\n\n\n<div class=\"wp-block-columns alignwide is-layout-flex wp-container-core-columns-is-layout-10 wp-block-columns-is-layout-flex\">\n<div class=\"wp-block-column is-layout-flow wp-block-column-is-layout-flow\" style=\"flex-basis:100%\">\n<p>(\u00c0 venir)<\/p>\n<\/div>\n<\/div>\n\n\n\n<hr class=\"wp-block-separator alignwide has-alpha-channel-opacity\" style=\"margin-top:0;margin-bottom:0\" \/>\n\n\n\n<h2 class=\"wp-block-heading alignwide\"><span style=\"font-size: 18pt\"><strong>Guide d\u2019acquisition<\/strong><\/span><\/h2>\n\n\n\n<div class=\"wp-block-columns alignwide is-layout-flex wp-container-core-columns-is-layout-11 wp-block-columns-is-layout-flex\">\n<div class=\"wp-block-column is-layout-flow wp-block-column-is-layout-flow\" style=\"flex-basis:100%\">\n<p>(\u00c0 venir)<\/p>\n<\/div>\n<\/div>\n\n\n\n<hr class=\"wp-block-separator alignwide has-alpha-channel-opacity\" \/>\n\n\n\n<h2 class=\"wp-block-heading alignwide\"><span style=\"font-size: 18pt\"><strong>Formulaire d\u2019inscription<\/strong><\/span><\/h2>\n\n\n\n<div class=\"wp-block-columns alignwide is-layout-flex wp-container-core-columns-is-layout-12 wp-block-columns-is-layout-flex\">\n<div class=\"wp-block-column is-layout-flow wp-block-column-is-layout-flow\" style=\"flex-basis:100%\">\n<p>Pour vous inscrire, remplissez le <a href=\"https:\/\/forms.office.com\/pages\/responsepage.aspx?id=0bLmbDdGI0qsfSVDuUeXH-u68eOiNE1HshYlm12JGt1UMUVBV0hJTzRGR0hRVU5NMk1aVDNDOEZORyQlQCN0PWcu&amp;route=shorturl\">formulaire de demande<\/a> et le formulaire de suggestions. <\/p>\n<\/div>\n<\/div>\n\n\n\n<hr class=\"wp-block-separator alignwide has-alpha-channel-opacity\" \/>\n\n\n\n<h2 class=\"wp-block-heading alignwide has-link-color wp-elements-a03e4466d37d669397abc17fc478d974\"><span style=\"font-size: 18pt\"><strong><a href=\"https:\/\/cybersavoir4.cssdm.gouv.qc.ca\/bibliotheque\/formulaire-suggestions-bibliotheque-25-26\/\" target=\"_blank\" rel=\"noreferrer noopener\">Formulaire de suggestions<\/a><\/strong><\/span><\/h2>\n\n\n\n<p><\/p>\n","protected":false},"excerpt":{"rendered":"<p>N\u2019h\u00e9sitez pas \u00e0 faire appel aux&nbsp;biblioth\u00e9caires&nbsp;pour vous soutenir dans le d\u00e9veloppement de la collection de votre biblioth\u00e8que scolaire. Les biblioth\u00e9caires sont des sp\u00e9cialistes en litt\u00e9rature jeunesse et d\u00e9tiennent les comp\u00e9tences n\u00e9cessaires pour d\u00e9velopper les collections&nbsp;dans le respect : Le d\u00e9veloppement de collection comprendre d\u2019autres t\u00e2ches essentiels Pour en savoir plus sur les lignes directrices du [&hellip;]<\/p>\n","protected":false},"author":3,"featured_media":1,"parent":0,"menu_order":0,"comment_status":"closed","ping_status":"closed","template":"","meta":{"footnotes":""},"class_list":["post-10739","page","type-page","status-publish","has-post-thumbnail","hentry"],"_links":{"self":[{"href":"https:\/\/cybersavoir4.cssdm.gouv.qc.ca\/bibliotheque\/wp-json\/wp\/v2\/pages\/10739","targetHints":{"allow":["GET"]}}],"collection":[{"href":"https:\/\/cybersavoir4.cssdm.gouv.qc.ca\/bibliotheque\/wp-json\/wp\/v2\/pages"}],"about":[{"href":"https:\/\/cybersavoir4.cssdm.gouv.qc.ca\/bibliotheque\/wp-json\/wp\/v2\/types\/page"}],"author":[{"embeddable":true,"href":"https:\/\/cybersavoir4.cssdm.gouv.qc.ca\/bibliotheque\/wp-json\/wp\/v2\/users\/3"}],"replies":[{"embeddable":true,"href":"https:\/\/cybersavoir4.cssdm.gouv.qc.ca\/bibliotheque\/wp-json\/wp\/v2\/comments?post=10739"}],"version-history":[{"count":17,"href":"https:\/\/cybersavoir4.cssdm.gouv.qc.ca\/bibliotheque\/wp-json\/wp\/v2\/pages\/10739\/revisions"}],"predecessor-version":[{"id":13319,"href":"https:\/\/cybersavoir4.cssdm.gouv.qc.ca\/bibliotheque\/wp-json\/wp\/v2\/pages\/10739\/revisions\/13319"}],"wp:featuredmedia":[{"embeddable":true,"href":"https:\/\/cybersavoir4.cssdm.gouv.qc.ca\/bibliotheque\/wp-json\/"}],"wp:attachment":[{"href":"https:\/\/cybersavoir4.cssdm.gouv.qc.ca\/bibliotheque\/wp-json\/wp\/v2\/media?parent=10739"}],"curies":[{"name":"wp","href":"https:\/\/api.w.org\/{rel}","templated":true}]}}