{"id":10590,"date":"2022-09-01T15:13:24","date_gmt":"2022-09-01T19:13:24","guid":{"rendered":"https:\/\/cybersavoir4.cssdm.gouv.qc.ca\/bibliotheque\/?page_id=10590"},"modified":"2025-03-21T16:03:59","modified_gmt":"2025-03-21T15:03:59","slug":"biblius","status":"publish","type":"page","link":"https:\/\/cybersavoir4.cssdm.gouv.qc.ca\/bibliotheque\/biblius\/","title":{"rendered":"BIBLIUS"},"content":{"rendered":"\n<h2 class=\"wp-block-heading has-text-align-center is-style-default has-text-color has-link-color wp-elements-37a7fddfe946952a9d0d5214f7faf0b8\" id=\"c\u2019est-quoi-biblius\" style=\"color:#ff6600;font-size:clamp(1.146rem, 1.146rem + ((1vw - 0.2rem) * 1.026), 1.8rem);\"><strong>&#8211; C\u2019est quoi BIBLIUS ? &#8211;<\/strong><\/h2>\n\n\n\n<div class=\"wp-block-columns alignwide is-layout-flex wp-container-core-columns-is-layout-1 wp-block-columns-is-layout-flex\">\n<div class=\"wp-block-column is-layout-flow wp-block-column-is-layout-flow\" style=\"flex-basis:100%\">\n<p class=\"has-link-color wp-elements-25338be4b8179f57cf1d8ada2a6944ee\">BIBLIUS est une plateforme permettant la gestion, l\u2019entreposage et le pr\u00eat de livres num\u00e9riques dans les biblioth\u00e8ques scolaires du Qu\u00e9bec, le tout dans le respect du&nbsp;droit&nbsp;d\u2019auteur. Le projet BIBLIUS s\u2019inscrit dans le cadre du&nbsp;<a href=\"http:\/\/www.education.gouv.qc.ca\/fileadmin\/site_web\/documents\/ministere\/PAN_Plan_action_VF.pdf\">Plan d\u2019action num\u00e9rique en \u00e9ducation et en enseignement sup\u00e9rieur<\/a>&nbsp;du MEQ.&nbsp;<strong>Il est important de noter que la plateforme fonctionne selon le principe d\u2019acquisition de&nbsp;licences.&nbsp;Il n\u2019y pas d\u2019acquisition du document.<\/strong><\/p>\n<\/div>\n<\/div>\n\n\n\n<div class=\"wp-block-columns alignwide is-layout-flex wp-container-core-columns-is-layout-2 wp-block-columns-is-layout-flex\">\n<div class=\"wp-block-column is-layout-flow wp-block-column-is-layout-flow\" style=\"flex-basis:100%\">\n<p>L\u2019\u00e9ch\u00e9ance d\u2019une licence peut \u00eatre d\u00e9termin\u00e9e par une dur\u00e9e dans le temps ou un nombre maximum de pr\u00eats. Une fois la dur\u00e9e termin\u00e9e ou l\u2019ensemble des&nbsp;pr\u00eats utilis\u00e9, il sera n\u00e9cessaire de racheter une autre licence s\u2019il y a le besoin de continuer \u00e0 offrir le pr\u00eat.<\/p>\n<\/div>\n<\/div>\n\n\n\n<div class=\"wp-block-columns alignwide has-background is-layout-flex wp-container-core-columns-is-layout-3 wp-block-columns-is-layout-flex\" style=\"background-color:#ededed\">\n<div class=\"wp-block-column is-layout-flow wp-block-column-is-layout-flow\">\n<h4 class=\"wp-block-heading has-text-align-center\"><strong>Fonctionnalit\u00e9s<\/strong><br><\/h4>\n\n\n\n<ul class=\"wp-block-list\">\n<li>Simultan\u00e9it\u00e9 des pr\u00eats, acc\u00e8s aux livres num\u00e9riques sur plusieurs supports (mobiles, ordinateurs, tablettes), diffusion sur TNI et en visioconf\u00e9rence&nbsp;;<\/li>\n\n\n\n<li class=\"has-link-color wp-elements-49b563db7ad248b719905447c33a3be3\"><a href=\"https:\/\/youtu.be\/qgPkDhiZI5c\" target=\"_blank\" rel=\"noreferrer noopener\">Outil de lecture en ligne int\u00e9gr\u00e9 permettant la synth\u00e8se vocale&nbsp;<\/a>;&nbsp;<\/li>\n\n\n\n<li class=\"has-link-color wp-elements-ec6d7a68943ca1d6b404e5286430616b\">Espace d\u00e9di\u00e9 \u00e0&nbsp;<a href=\"https:\/\/youtu.be\/UT_2Tg3ZVyw\" target=\"_blank\" rel=\"noreferrer noopener\">l\u2019assignation de lectures pour les groupes-classes<\/a>;<\/li>\n\n\n\n<li>Filtre d\u00e9tectant le niveau scolaire des \u00e9l\u00e8ves&nbsp;;<\/li>\n<\/ul>\n<\/div>\n\n\n\n<div class=\"wp-block-column is-layout-flow wp-block-column-is-layout-flow\">\n<h4 class=\"wp-block-heading has-text-align-center\" id=\"contenu\"><strong>Contenu<\/strong><br><\/h4>\n\n\n\n<ul class=\"wp-block-list\">\n<li>Litt\u00e9rature jeunesse&nbsp;: bandes dessin\u00e9es, romans, albums, documentaires, po\u00e9sie, etc.<\/li>\n\n\n\n<li>Les cahiers et manuels scolaires ne sont pas inclus.<\/li>\n\n\n\n<li class=\"has-link-color wp-elements-a6cf5e4238d6b19b34e768b765056a55\">Tous les livres offerts sur la plateforme BIBLIUS sont soumis \u00e0 certaines&nbsp;<a href=\"https:\/\/projetbiblius.ca\/exploitation-pedagogique-mediation\/#conditions-utilisation-oeuvres\">conditions d\u2019utilisation<\/a>.<\/li>\n\n\n\n<li>Attention&nbsp;! Les livres achet\u00e9s sur d\u2019autres plateformes ne pourront pas \u00eatre transf\u00e9r\u00e9s dans Biblius.<\/li>\n<\/ul>\n<\/div>\n\n\n\n<div class=\"wp-block-column is-layout-flow wp-block-column-is-layout-flow\">\n<h4 class=\"wp-block-heading has-text-align-center\" id=\"acc\u00e9der-\u00e0-la-plateforme\"><strong>Acc\u00e9der \u00e0 la plateforme<\/strong><\/h4>\n\n\n\n<p class=\"has-link-color wp-elements-e177603237f41b4b73fee856f7ee35bc\">Trois chemins possibles pour acc\u00e9der \u00e0 BIBLIUS:<br>Acc\u00e8s via le&nbsp;<a href=\"https:\/\/mozaikportail.ca\/\">Moza\u00efk-Portail<\/a><br>Acc\u00e8s via le site&nbsp;<a href=\"https:\/\/biblius.ca\/\">https:\/\/biblius.ca<\/a>&nbsp;(cliquer sur&nbsp;<em>Me connecter<\/em>&nbsp;\u00e0 Biblius, puis choisir le CSSDM).<br>Acc\u00e8s via le site&nbsp;<a href=\"https:\/\/cssdm.biblius.ca\/\">https:\/\/cssdm.biblius.ca\/<\/a><\/p>\n<\/div>\n<\/div>\n\n\n\n<hr class=\"wp-block-separator alignwide has-alpha-channel-opacity\" \/>\n\n\n\n<h2 class=\"wp-block-heading has-text-align-center is-style-default has-text-color has-link-color wp-elements-fdb125d1e362706c5b8dfd834359ff33\" style=\"color:#ff6600;font-size:clamp(1.146rem, 1.146rem + ((1vw - 0.2rem) * 1.026), 1.8rem);\"><strong>&#8211; Structure &#8211;<\/strong><\/h2>\n\n\n\n<div class=\"wp-block-columns alignwide has-background is-layout-flex wp-container-core-columns-is-layout-5 wp-block-columns-is-layout-flex\" style=\"background-color:#ededed\">\n<div class=\"wp-block-column is-layout-flow wp-block-column-is-layout-flow\" style=\"flex-basis:33.33%\">\n<h4 class=\"wp-block-heading\"><strong>Collection Partag\u00e9e<\/strong><\/h4>\n\n\n\n<p>Collection Gratuite offerte par le minist\u00e8re (MEQ)<\/p>\n\n\n\n<h4 class=\"wp-block-heading\"><strong>Licences collection partag\u00e9e<\/strong><\/h4>\n\n\n\n<p class=\"has-link-color wp-elements-8009c1c3a58d25e402b859f745886776\">\u2192Avec pr\u00eats simultan\u00e9s et pr\u00eats individuels.<br>\u200b\u200b\u200b\u200b\u200b\u200b\u200b\u2192Emprunts illimit\u00e9s pour les \u00e9l\u00e8ves et le personnel scolaire (jusqu&rsquo;au 31 ao\u00fbt 2022).<br>\u2192Dur\u00e9e&nbsp;des pr\u00eats de 41 jours.<br>\u2192Consultez&nbsp;<a href=\"https:\/\/projetbiblius.ca\/wp-content\/uploads\/2021\/09\/2021.09.23.collection.partagee.selection.pour-site-projet-Biblius.pdf\">la liste des \u0153uvres<\/a>&nbsp;de cette collection.<br><strong>Le CSSDM recommande fortement l\u2019utilisation des licences gratuites de la&nbsp;<\/strong><a href=\"https:\/\/projetbiblius.ca\/collection_partagee\/\"><strong>collection partag\u00e9e<\/strong><\/a><\/p>\n<\/div>\n\n\n\n<div class=\"wp-block-column is-layout-flow wp-block-column-is-layout-flow\" style=\"flex-basis:66.66%\">\n<h4 class=\"wp-block-heading\" id=\"\u200b\u200b\u200b\u200b\u200b\u200b\u200bcollection-locale\"><strong>Collection Locale<\/strong><\/h4>\n\n\n\n<ul class=\"wp-block-list\">\n<li>Cette collection n&rsquo;est pas gratuite.<\/li>\n\n\n\n<li>\u200b\u200b\u200b\u200b\u200b\u200b\u200bLes acquisitions dans la collection locale sont automatiquement accessibles \u00e0 toutes les \u00e9coles du CSSDM.\u200b\u200b\u200b\u200b\u200b\u200b\u200b&nbsp;Biblius ne permet pas \u00e0 chaque \u00e9cole de d\u00e9velopper sa propre collection de livres num\u00e9riques.<\/li>\n<\/ul>\n\n\n\n<div class=\"wp-block-columns is-layout-flex wp-container-core-columns-is-layout-4 wp-block-columns-is-layout-flex\">\n<div class=\"wp-block-column is-layout-flow wp-block-column-is-layout-flow\">\n<p class=\"has-text-align-center\"><strong>Licences avec pr\u00eats simultan\u00e9s<\/strong><\/p>\n\n\n\n<p>\u2192Jusqu\u2019\u00e0 40 personnes peuvent emprunter le livre en m\u00eame temps. Une fois les 40 pr\u00eats \u00e9coul\u00e9s, on doit racheter une autre licence si on veut continuer \u00e0 offrir le pr\u00eat de ce titre.<br>\u2192Utile pour : lectures obligatoires ou projets p\u00e9dagogiques.<\/p>\n<\/div>\n\n\n\n<div class=\"wp-block-column is-layout-flow wp-block-column-is-layout-flow\">\n<p class=\"has-text-align-center\"><strong>Licence avec pr\u00eats successifs<\/strong><\/p>\n\n\n\n<p>\u2192Nombre de pr\u00eats permis au total par licence = 55.<br>\u2192Une seule personne peut emprunter le livre \u00e0 la fois.&nbsp;R\u00e9servation possible.<br>\u2192Utile pour : des lectures personnelles, pour r\u00e9pondre \u00e0 des besoins particuliers (EHDAA).<\/p>\n<\/div>\n<\/div>\n\n\n\n<hr class=\"wp-block-separator has-alpha-channel-opacity\" \/>\n<\/div>\n<\/div>\n\n\n\n<h2 class=\"wp-block-heading has-text-align-center\" style=\"font-size:clamp(1.146rem, 1.146rem + ((1vw - 0.2rem) * 1.026), 1.8rem);\"><span style=\"color: #ff6600;font-size: 18pt\"><strong>Comment l&rsquo;utiliser\u00a0<\/strong><\/span><\/h2>\n\n\n\n<div class=\"wp-block-columns alignwide is-layout-flex wp-container-core-columns-is-layout-6 wp-block-columns-is-layout-flex\">\n<div class=\"wp-block-column is-layout-flow wp-block-column-is-layout-flow\" style=\"flex-basis:100%\">\n<p>Consultez en premier lieu l&rsquo;offre des titres dans Biblius CSSDM et cliquez sur EXPLORER !<br>\nVous pouvez cliquer sur le titre de votre pr\u00e9f\u00e9rence et le lire sans tracas. Si vous \u00eates&nbsp; enseignant vous pouvez assigner les lectures \u00e0 vos \u00e9l\u00e8ves en choisissant votre groupe.<\/p>\n<\/div>\n<\/div>\n\n\n\n<div class=\"wp-block-columns alignwide is-layout-flex wp-container-core-columns-is-layout-7 wp-block-columns-is-layout-flex\">\n<div class=\"wp-block-column is-layout-flow wp-block-column-is-layout-flow\" style=\"flex-basis:100%\">\n<p class=\"has-link-color wp-elements-17a72c053f9c9be2b647e253cf6d5197\">****Si vous ne voyez pas le titre que vous souhaitez utiliser dans le cadre de votre projet, utilisez le site institutionnel : <span style=\"color: #008000\"><strong><a style=\"color: #008000\" href=\"https:\/\/collectivites.leslibraires.ca\/scolaire\" target=\"_blank\" rel=\"noopener\">https:\/\/collectivites.leslibraires.ca\/scolaire<\/a>.<br>\n<\/strong><span style=\"color: #000000\">Et contactez les biblioth\u00e9caires qui&nbsp;<\/span><\/span>pourront vous assister \u00e0 r\u00e9aliser l&rsquo;acquisition de ou des licences de titres reli\u00e9s \u00e0 votre projet.<br>\nAttention : pour l&rsquo;acquisition des titres hors de la plateforme BIBLIUS vous devez suivre la <a href=\"https:\/\/cybersavoir4.cssdm.gouv.qc.ca\/bibliotheque\/wp-content\/uploads\/sites\/2\/2024\/03\/Procedure-livre-numerique-ehdaa-dec2023.pdf\" target=\"_blank\" rel=\"noopener\">proc\u00e9dure des services \u00e9ducatifs du CSSDM.<\/a><\/p>\n<\/div>\n<\/div>\n\n\n\n<figure class=\"wp-block-image aligncenter\"><a href=\"https:\/\/cybersavoir4.cssdm.gouv.qc.ca\/bibliotheque\/wp-content\/uploads\/sites\/2\/2022\/09\/Comment-te-connecter-a-BIBLIUS_2.pdf\" target=\"_blank\" rel=\"noopener\"><img loading=\"lazy\" decoding=\"async\" width=\"300\" height=\"168\" src=\"https:\/\/cybersavoir4.cssdm.gouv.qc.ca\/bibliotheque\/wp-content\/uploads\/sites\/2\/2022\/09\/guide_jeunes_biblius_photo-300x168.png\" alt=\"\" class=\"wp-image-10605\" srcset=\"https:\/\/cybersavoir4.cssdm.gouv.qc.ca\/bibliotheque\/wp-content\/uploads\/sites\/2\/2022\/09\/guide_jeunes_biblius_photo-300x168.png 300w, https:\/\/cybersavoir4.cssdm.gouv.qc.ca\/bibliotheque\/wp-content\/uploads\/sites\/2\/2022\/09\/guide_jeunes_biblius_photo-768x431.png 768w, https:\/\/cybersavoir4.cssdm.gouv.qc.ca\/bibliotheque\/wp-content\/uploads\/sites\/2\/2022\/09\/guide_jeunes_biblius_photo.png 1021w\" sizes=\"auto, (max-width: 300px) 100vw, 300px\" \/><\/a><\/figure>\n\n\n\n<p class=\"has-text-align-center\"><strong><span style=\"font-size: 14pt;color: #008000\">Voici un super guide pour les \u00e9l\u00e8ves &#8230;et pour vous !<\/span><\/strong><\/p>\n\n\n\n<p class=\"has-text-align-center has-link-color wp-elements-21d06a78c29e71a4cb6a699de9dd1fa8\"><span style=\"font-size: 12pt\">Vous trouverez des tutoriels sur la cha\u00eene YouTube de <span style=\"color: #003366\"><a style=\"color: #003366\" href=\"https:\/\/projetbiblius.ca\/\" target=\"_blank\" rel=\"noopener\">Biblius<\/a><\/span> en <span style=\"color: #ff6600\"><a style=\"color: #ff6600\" href=\"https:\/\/www.youtube.com\/channel\/UChoXd7ll7gbWwR8lsfAnQtQ\/videos\" target=\"_blank\" rel=\"noopener\"><strong>cliquant ICI<\/strong><\/a><\/span><\/span><\/p>\n\n\n\n<p class=\"has-text-align-center\"><span style=\"font-size: 12pt\">Des formations ? Des questions ?&nbsp; De l&rsquo;aide ? Demandes de licence collection locale pour des projets sp\u00e9cifiques ?<br>\nConsultez notre <strong><span style=\"color: #ff6600\"><a style=\"color: #ff6600\" href=\"https:\/\/csdma.sharepoint.com\/sites\/BIBLIUSCSSDM\" target=\"_blank\" rel=\"noopener\">Sharepoint Biblius CSSDM&nbsp;<\/a><\/span><\/strong>(Acc\u00e8s r\u00e9serv\u00e9)<\/span><\/p>\n\n\n\n<p>&nbsp;<\/p>\n\n\n\n<h2 class=\"wp-block-heading alignwide\"><span style=\"font-size: 12pt\"><strong>Responsables de BIBLIUS pour le CSSDM<\/strong><\/span><\/h2>\n\n\n\n<div class=\"wp-block-columns alignwide is-layout-flex wp-container-core-columns-is-layout-8 wp-block-columns-is-layout-flex\">\n<div class=\"wp-block-column is-layout-flow wp-block-column-is-layout-flow\" style=\"flex-basis:100%\">\n<p class=\"has-link-color wp-elements-6379fabd4283626377b1353176e290bd\"><span style=\"font-size: 12pt\"><a href=\"mailto:guzman.h@csdm.qc.ca\" target=\"_blank\" rel=\"noopener\">Heidy Guzman<\/a><br>Biblioth\u00e9caire &#8211; M\u00e9dias et num\u00e9rique<\/span><\/p>\n<\/div>\n<\/div>\n\n\n\n<div class=\"wp-block-columns alignwide is-layout-flex wp-container-core-columns-is-layout-9 wp-block-columns-is-layout-flex\">\n<div class=\"wp-block-column is-layout-flow wp-block-column-is-layout-flow\" style=\"flex-basis:100%\">\n<p class=\"has-link-color wp-elements-c6614520bb0b32f3582acf4567c3499c\"><a href=\"mailto:mauboussin.k@csdm.qc.ca\" target=\"_blank\" rel=\"noopener\"><span style=\"font-size: 12pt\">Karl Mauboussin<\/span><\/a><br>\n<span style=\"font-size: 12pt\">Biblioth\u00e9caire &#8211; D\u00e9veloppement et mise en valeur des collections<\/span><\/p>\n<\/div>\n<\/div>\n\n\n\n<p>&nbsp;<\/p>\n\n\n\n<p><\/p>\n","protected":false},"excerpt":{"rendered":"<p>&#8211; C\u2019est quoi BIBLIUS ? &#8211; BIBLIUS est une plateforme permettant la gestion, l\u2019entreposage et le pr\u00eat de livres num\u00e9riques dans les biblioth\u00e8ques scolaires du Qu\u00e9bec, le tout dans le respect du&nbsp;droit&nbsp;d\u2019auteur. Le projet BIBLIUS s\u2019inscrit dans le cadre du&nbsp;Plan d\u2019action num\u00e9rique en \u00e9ducation et en enseignement sup\u00e9rieur&nbsp;du MEQ.&nbsp;Il est important de noter que la [&hellip;]<\/p>\n","protected":false},"author":0,"featured_media":1,"parent":0,"menu_order":0,"comment_status":"closed","ping_status":"closed","template":"","meta":{"footnotes":""},"class_list":["post-10590","page","type-page","status-publish","has-post-thumbnail","hentry"],"_links":{"self":[{"href":"https:\/\/cybersavoir4.cssdm.gouv.qc.ca\/bibliotheque\/wp-json\/wp\/v2\/pages\/10590","targetHints":{"allow":["GET"]}}],"collection":[{"href":"https:\/\/cybersavoir4.cssdm.gouv.qc.ca\/bibliotheque\/wp-json\/wp\/v2\/pages"}],"about":[{"href":"https:\/\/cybersavoir4.cssdm.gouv.qc.ca\/bibliotheque\/wp-json\/wp\/v2\/types\/page"}],"replies":[{"embeddable":true,"href":"https:\/\/cybersavoir4.cssdm.gouv.qc.ca\/bibliotheque\/wp-json\/wp\/v2\/comments?post=10590"}],"version-history":[{"count":34,"href":"https:\/\/cybersavoir4.cssdm.gouv.qc.ca\/bibliotheque\/wp-json\/wp\/v2\/pages\/10590\/revisions"}],"predecessor-version":[{"id":12395,"href":"https:\/\/cybersavoir4.cssdm.gouv.qc.ca\/bibliotheque\/wp-json\/wp\/v2\/pages\/10590\/revisions\/12395"}],"wp:featuredmedia":[{"embeddable":true,"href":"https:\/\/cybersavoir4.cssdm.gouv.qc.ca\/bibliotheque\/wp-json\/"}],"wp:attachment":[{"href":"https:\/\/cybersavoir4.cssdm.gouv.qc.ca\/bibliotheque\/wp-json\/wp\/v2\/media?parent=10590"}],"curies":[{"name":"wp","href":"https:\/\/api.w.org\/{rel}","templated":true}]}}