{"id":10587,"date":"2022-09-01T15:09:39","date_gmt":"2022-09-01T19:09:39","guid":{"rendered":"https:\/\/cybersavoir4.cssdm.gouv.qc.ca\/bibliotheque\/?page_id=10587"},"modified":"2025-03-21T18:32:18","modified_gmt":"2025-03-21T17:32:18","slug":"projets-pedagonumeriques","status":"publish","type":"page","link":"https:\/\/cybersavoir4.cssdm.gouv.qc.ca\/bibliotheque\/carrefour-dapprentissage\/projets-pedagonumeriques\/","title":{"rendered":"Projets p\u00e9dagonum\u00e9riques"},"content":{"rendered":"\n<h2 class=\"wp-block-heading has-text-align-center has-medium-font-size\"><span style=\"font-size: 14pt\"><strong>Les projets en carrefour d&rsquo;apprentissage<\/strong><\/span><\/h2>\n\n\n\n<div class=\"wp-block-columns alignwide is-layout-flex wp-container-core-columns-is-layout-1 wp-block-columns-is-layout-flex\">\n<div class=\"wp-block-column is-layout-flow wp-block-column-is-layout-flow\" style=\"flex-basis:100%\">\n<p>Les projets P\u00e9dagonum\u00e9rique en carrefour d&rsquo;apprentissages, visent \u00e0 offrir aux \u00e9l\u00e8ves un espace dynamique de d\u00e9veloppement de comp\u00e9tences disciplinaires, transversales et num\u00e9riques tout en favorisant un apprentissage autonome.<\/p>\n<\/div>\n<\/div>\n\n\n\n<div class=\"wp-block-columns alignwide is-layout-flex wp-container-core-columns-is-layout-2 wp-block-columns-is-layout-flex\">\n<div class=\"wp-block-column is-layout-flow wp-block-column-is-layout-flow\" style=\"flex-basis:100%\">\n<p>Ces projets mettent l&rsquo;accent sur la collaboration entre l&rsquo;\u00e9quipe \u00e9cole, biblioth\u00e9caires et \u00e9l\u00e8ves, permettant ainsi un soutien constant tout au long du processus d&rsquo;apprentissage.<\/p>\n\n\n\n<p>En encourageant l&rsquo;autonomie des \u00e9l\u00e8ves, ces projets leur permettent de prendre en charge leur propre apprentissage tout en ayant acc\u00e8s aux ressources et aux outils num\u00e9riques n\u00e9cessaires.<\/p>\n<\/div>\n<\/div>\n\n\n\n<div class=\"wp-block-columns alignwide is-layout-flex wp-container-core-columns-is-layout-3 wp-block-columns-is-layout-flex\">\n<div class=\"wp-block-column is-layout-flow wp-block-column-is-layout-flow\" style=\"flex-basis:100%\">\n<p>Voici nos outils et nos projets !<\/p>\n<\/div>\n<\/div>\n\n\n\n<h3 class=\"wp-block-heading has-text-align-center has-medium-font-size\"><strong>Voici quelques projets<\/strong><\/h3>\n\n\n\n<h4 class=\"wp-block-heading alignwide has-medium-font-size\"><span style=\"font-size: 12pt\"><strong>Baladons-nous \u00e0 la biblioth\u00e8que les yeux ouverts<\/strong><\/span><\/h4>\n\n\n\n<div class=\"wp-block-columns alignwide is-layout-flex wp-container-core-columns-is-layout-4 wp-block-columns-is-layout-flex\">\n<div class=\"wp-block-column is-layout-flow wp-block-column-is-layout-flow\" style=\"flex-basis:100%\">\n<p class=\"has-link-color wp-elements-96100532e711affac843adb7ad085da8\">Le projet Baladons-nous \u00e0 la biblioth\u00e8que les yeux ouverts! offert \u00e0 l\u2019hiver 2024 est le fruit d\u2019une collaboration entre l\u2019\u00e9quipe des biblioth\u00e9caires du CSSDM, l\u2019Agence Science-Presse et Le Curieux. Il cible les \u00e9l\u00e8ves du 3e cycle et se d\u00e9roule en partie \u00e0 la biblioth\u00e8que au carrefour des apprentissages de l\u2019\u00e9cole. Au cours de ce projet, les \u00e9l\u00e8ves apprendront \u00e0 d\u00e9finir leur besoin d\u2019informations, \u00e0 faire une recherche, \u00e0 d\u00e9tecter les fausses nouvelles et \u00e0 cibler des sources fiables pour la cr\u00e9ation d\u2019un balado. Les sujets qui seront au choix, devront faire r\u00e9f\u00e9rence \u00e0 la culture qu\u00e9b\u00e9coise dans toute sa diversit\u00e9.<br>\n<span style=\"font-size: 12pt\">******Pour consulter les productions des \u00e9l\u00e8ves <a href=\"https:\/\/www.youtube.com\/playlist?list=PLUNhG98zOyzVps4sbZC5tL98_PT2XsQvV\" target=\"_blank\" rel=\"noopener\">cliquez ici.<\/a><\/span><\/p>\n<\/div>\n<\/div>\n\n\n\n<h4 class=\"wp-block-heading alignwide has-medium-font-size\"><span style=\"font-size: 12pt\"><strong>Trouver des solutions avec la\u00a0pens\u00e9e design<\/strong><\/span><\/h4>\n\n\n\n<div class=\"wp-block-columns alignwide is-layout-flex wp-container-core-columns-is-layout-5 wp-block-columns-is-layout-flex\">\n<div class=\"wp-block-column is-layout-flow wp-block-column-is-layout-flow\" style=\"flex-basis:100%\">\n<p class=\"has-link-color wp-elements-e1968e2c7fb9c32fd34dd6b83aad2113\">La pens\u00e9e design est un approche cr\u00e9ative et centr\u00e9e sur l&rsquo;humain, utilis\u00e9e pour r\u00e9soudre des probl\u00e8mes complexes de mani\u00e8re innovante. Elle encourage l&#8217;empathie, la collaboration, et l&rsquo;exp\u00e9rimentation \u00e0 travers plusieurs phases, permettant aux \u00e9l\u00e8ves de d\u00e9velopper des solutions adapt\u00e9es \u00e0 leurs besoins et aux d\u00e9fis qu&rsquo;ils rencontrent.<br>\nLa <strong>phase d&rsquo;inspiration<\/strong> dans laquelle les \u00e9l\u00e8ves trouvent un th\u00e8me, recueillent des donn\u00e9es et r\u00e9digent une probl\u00e9matique.<br>\nLa <strong>phase d&rsquo;id\u00e9ation<\/strong>, dans laquelle les \u00e9l\u00e8ves trouvent des solutions cr\u00e9atives pour r\u00e9pondre \u00e0 la probl\u00e9matique identifi\u00e9e.<br>\nEnfin, la <strong>phase d&rsquo;it\u00e9ration<\/strong>, dans laquelle les \u00e9l\u00e8ves testent leurs productions \u00e0 travers un prototype, recueillent des retours, et ajustent leurs solutions pour les am\u00e9liorer.<br>\n<span style=\"font-size: 12pt\">*****Pour consulter les productions des \u00e9l\u00e8ves <a href=\"https:\/\/www.youtube.com\/playlist?list=PLUNhG98zOyzVps4sbZC5tL98_PT2XsQvV\">cliquez ici.<\/a><\/span><\/p>\n<\/div>\n<\/div>\n\n\n\n<h4 class=\"wp-block-heading alignwide\"><span style=\"font-size: 12pt\"><strong>Mini-techs<\/strong><\/span><\/h4>\n\n\n\n<div class=\"wp-block-columns alignwide is-layout-flex wp-container-core-columns-is-layout-6 wp-block-columns-is-layout-flex\">\n<div class=\"wp-block-column is-layout-flow wp-block-column-is-layout-flow\" style=\"flex-basis:100%\">\n<p class=\"has-link-color wp-elements-c480d71bcb47bdefda45585e0a332f1f\">Le projet Mini-techs en carrefour d&rsquo;apprentissage! Avec les classes de 2e et de 3e cycle des \u00e9coles Iona, Louisbourg, Rose-des-Vents, Sainte-Odile et Saint-Donat du Centre de services scolaire de Montr\u00e9al (CSSDM). Ce projet est le fruit d&rsquo;une collaboration entre les biblioth\u00e9caires du CSSDM, \u00c9cole en r\u00e9seau et Grandir sans fronti\u00e8res. Dans le cadre de ce projet, les \u00e9l\u00e8ves ont d\u00e9velopp\u00e9 diff\u00e9rentes dimensions de la comp\u00e9tence num\u00e9rique en plus de parfaire diff\u00e9rentes comp\u00e9tences disciplinaires, notamment en fran\u00e7ais et en math\u00e9matiques. Ce projet a \u00e9t\u00e9 financ\u00e9 par SCALE AI.<br>\n<span style=\"font-size: 12pt\">*****Pour consulter les productions des \u00e9l\u00e8ves <a href=\"https:\/\/www.youtube.com\/playlist?list=PLUNhG98zOyzU6qou8mvHuS9f5Ut05u__2\" target=\"_blank\" rel=\"noopener\">cliquez ici.<\/a><\/span><\/p>\n<\/div>\n<\/div>\n\n\n\n<h4 class=\"wp-block-heading alignwide\"><span style=\"font-size: 12pt\"><strong>Soutien vid\u00e9o et balado !<\/strong><\/span><\/h4>\n\n\n\n<div class=\"wp-block-columns alignwide is-layout-flex wp-container-core-columns-is-layout-7 wp-block-columns-is-layout-flex\">\n<div class=\"wp-block-column is-layout-flow wp-block-column-is-layout-flow\" style=\"flex-basis:100%\">\n<p>Des enseignants ayant des projets sp\u00e9cifiques et diff\u00e9renci\u00e9s li\u00e9s \u00e0 la litt\u00e9ratie peuvent b\u00e9n\u00e9ficier du soutien des biblioth\u00e9caires.<br>\nDes ateliers vid\u00e9o (booktubes, entrevues, bandes-annonces, reportages, etc.) et des ateliers balados sont offerts aux \u00e9l\u00e8ves pour mener \u00e0 bien les projets des enseignants. L&rsquo;accompagnement devient un alli\u00e9 incontournable ! Contactez-nous !<\/p>\n<\/div>\n<\/div>\n\n\n\n<div class=\"wp-block-columns alignwide is-layout-flex wp-container-core-columns-is-layout-8 wp-block-columns-is-layout-flex\">\n<div class=\"wp-block-column is-layout-flow wp-block-column-is-layout-flow\" style=\"flex-basis:100%\">\n<p class=\"has-link-color wp-elements-63c96c12a643b2fa2be293c7d63f0432\"><span style=\"font-size: 14pt\">Contactez la biblioth\u00e9caire responsable !<br>\n<strong><span style=\"font-size: 12pt\"><a href=\"mailto:guzman.h@csdm.qc.ca\" target=\"_blank\" rel=\"noopener\">Heidy Guzman<\/a> | Biblioth\u00e9caire | Services \u00e9ducatifs<\/span><\/strong><\/span><\/p>\n<\/div>\n<\/div>\n\n\n\n<p><\/p>\n","protected":false},"excerpt":{"rendered":"<p>Les projets en carrefour d&rsquo;apprentissage Les projets P\u00e9dagonum\u00e9rique en carrefour d&rsquo;apprentissages, visent \u00e0 offrir aux \u00e9l\u00e8ves un espace dynamique de d\u00e9veloppement de comp\u00e9tences disciplinaires, transversales et num\u00e9riques tout en favorisant un apprentissage autonome. Ces projets mettent l&rsquo;accent sur la collaboration entre l&rsquo;\u00e9quipe \u00e9cole, biblioth\u00e9caires et \u00e9l\u00e8ves, permettant ainsi un soutien constant tout au long du [&hellip;]<\/p>\n","protected":false},"author":0,"featured_media":1,"parent":7429,"menu_order":0,"comment_status":"closed","ping_status":"closed","template":"","meta":{"footnotes":""},"class_list":["post-10587","page","type-page","status-publish","has-post-thumbnail","hentry"],"_links":{"self":[{"href":"https:\/\/cybersavoir4.cssdm.gouv.qc.ca\/bibliotheque\/wp-json\/wp\/v2\/pages\/10587","targetHints":{"allow":["GET"]}}],"collection":[{"href":"https:\/\/cybersavoir4.cssdm.gouv.qc.ca\/bibliotheque\/wp-json\/wp\/v2\/pages"}],"about":[{"href":"https:\/\/cybersavoir4.cssdm.gouv.qc.ca\/bibliotheque\/wp-json\/wp\/v2\/types\/page"}],"replies":[{"embeddable":true,"href":"https:\/\/cybersavoir4.cssdm.gouv.qc.ca\/bibliotheque\/wp-json\/wp\/v2\/comments?post=10587"}],"version-history":[{"count":7,"href":"https:\/\/cybersavoir4.cssdm.gouv.qc.ca\/bibliotheque\/wp-json\/wp\/v2\/pages\/10587\/revisions"}],"predecessor-version":[{"id":12435,"href":"https:\/\/cybersavoir4.cssdm.gouv.qc.ca\/bibliotheque\/wp-json\/wp\/v2\/pages\/10587\/revisions\/12435"}],"up":[{"embeddable":true,"href":"https:\/\/cybersavoir4.cssdm.gouv.qc.ca\/bibliotheque\/wp-json\/wp\/v2\/pages\/7429"}],"wp:featuredmedia":[{"embeddable":true,"href":"https:\/\/cybersavoir4.cssdm.gouv.qc.ca\/bibliotheque\/wp-json\/"}],"wp:attachment":[{"href":"https:\/\/cybersavoir4.cssdm.gouv.qc.ca\/bibliotheque\/wp-json\/wp\/v2\/media?parent=10587"}],"curies":[{"name":"wp","href":"https:\/\/api.w.org\/{rel}","templated":true}]}}